{"id":1116,"date":"2023-04-20T19:10:57","date_gmt":"2023-04-20T19:10:57","guid":{"rendered":"https:\/\/www.web-korki.pl\/?page_id=1116"},"modified":"2025-04-20T21:15:36","modified_gmt":"2025-04-20T21:15:36","slug":"sprawozdanie-fundacji-2021","status":"publish","type":"page","link":"https:\/\/www.web-korki.pl\/index.php\/sprawozdanie-fundacji-2021\/","title":{"rendered":"Sprawozdania fundacji"},"content":{"rendered":"<h4 style=\"text-align: center;\"><a href=\"https:\/\/www.web-korki.pl\/wp-content\/uploads\/2025\/04\/sprawozdanie-fundacja2023.pdf\">Sprawozdanie z dzia\u0142alno\u015bci fundacji za rok 2023<\/a><\/h4>\n<p style=\"text-align: center; font-size: 24px;\"><strong><a href=\"https:\/\/www.web-korki.pl\/wp-content\/uploads\/2024\/04\/Sprawozdanie-z-dzialalnos\u0301ci-fundacji-w-2022r-2.pdf\" target=\"_blank\" rel=\"noopener\">Sprawozdanie z dzia\u0142alno\u015bci fundacji za rok 2022<\/a><\/strong><\/p>\n<p style=\"text-align: center; font-size: 24px;\"><strong><a href=\"https:\/\/www.web-korki.pl\/wp-content\/uploads\/2023\/04\/raportfundacja2021.pdf\" target=\"_blank\" rel=\"noopener\">Sprawozdanie z dzia\u0142alno\u015bci fundacji za rok 2021<\/a><\/strong><\/p>\n\n\n<p><\/p>\n","protected":false},"excerpt":{"rendered":"<p>Sprawozdanie z dzia\u0142alno\u015bci fundacji za rok 2023 Sprawozdanie z dzia\u0142alno\u015bci fundacji za rok 2022 Sprawozdanie z dzia\u0142alno\u015bci fundacji za rok<\/p>\n<p><a href=\"https:\/\/www.web-korki.pl\/index.php\/sprawozdanie-fundacji-2021\/\" class=\"more-link\">Zobacz wi\u0119cej<span class=\"screen-reader-text\">Sprawozdania fundacji<\/span><\/a><\/p>\n","protected":false},"author":1,"featured_media":0,"parent":0,"menu_order":0,"comment_status":"closed","ping_status":"closed","template":"","meta":{"footnotes":""},"class_list":["post-1116","page","type-page","status-publish","hentry"],"yoast_head":"<!-- This site is optimized with the Yoast SEO plugin v17.9 - https:\/\/yoast.com\/wordpress\/plugins\/seo\/ -->\n<title>Sprawozdania fundacji - Fundacja Web-korki<\/title>\n<meta name=\"robots\" content=\"index, follow, max-snippet:-1, max-image-preview:large, max-video-preview:-1\" \/>\n<link rel=\"canonical\" href=\"https:\/\/www.web-korki.pl\/index.php\/sprawozdanie-fundacji-2021\/\" \/>\n<meta property=\"og:locale\" content=\"pl_PL\" \/>\n<meta property=\"og:type\" content=\"article\" \/>\n<meta property=\"og:title\" content=\"Sprawozdania fundacji - Fundacja Web-korki\" \/>\n<meta property=\"og:description\" content=\"Sprawozdanie z dzia\u0142alno\u015bci fundacji za rok 2023 Sprawozdanie z dzia\u0142alno\u015bci fundacji za rok 2022 Sprawozdanie z dzia\u0142alno\u015bci fundacji za rokZobacz wi\u0119cejSprawozdania fundacji\" \/>\n<meta property=\"og:url\" content=\"https:\/\/www.web-korki.pl\/index.php\/sprawozdanie-fundacji-2021\/\" \/>\n<meta property=\"og:site_name\" content=\"Fundacja Web-korki\" \/>\n<meta property=\"article:modified_time\" content=\"2025-04-20T21:15:36+00:00\" \/>\n<meta name=\"twitter:card\" content=\"summary_large_image\" \/>\n<meta name=\"twitter:label1\" content=\"Szacowany czas czytania\" \/>\n\t<meta name=\"twitter:data1\" content=\"1 minuta\" \/>\n<script type=\"application\/ld+json\" class=\"yoast-schema-graph\">{\"@context\":\"https:\/\/schema.org\",\"@graph\":[{\"@type\":\"WebSite\",\"@id\":\"https:\/\/www.web-korki.pl\/#website\",\"url\":\"https:\/\/www.web-korki.pl\/\",\"name\":\"Fundacja Web-korki\",\"description\":\"PODARUJMY DZIECIOM SW\\u00d3J CZAS\",\"potentialAction\":[{\"@type\":\"SearchAction\",\"target\":{\"@type\":\"EntryPoint\",\"urlTemplate\":\"https:\/\/www.web-korki.pl\/?s={search_term_string}\"},\"query-input\":\"required name=search_term_string\"}],\"inLanguage\":\"pl-PL\"},{\"@type\":\"WebPage\",\"@id\":\"https:\/\/www.web-korki.pl\/index.php\/sprawozdanie-fundacji-2021\/#webpage\",\"url\":\"https:\/\/www.web-korki.pl\/index.php\/sprawozdanie-fundacji-2021\/\",\"name\":\"Sprawozdania fundacji - Fundacja Web-korki\",\"isPartOf\":{\"@id\":\"https:\/\/www.web-korki.pl\/#website\"},\"datePublished\":\"2023-04-20T19:10:57+00:00\",\"dateModified\":\"2025-04-20T21:15:36+00:00\",\"breadcrumb\":{\"@id\":\"https:\/\/www.web-korki.pl\/index.php\/sprawozdanie-fundacji-2021\/#breadcrumb\"},\"inLanguage\":\"pl-PL\",\"potentialAction\":[{\"@type\":\"ReadAction\",\"target\":[\"https:\/\/www.web-korki.pl\/index.php\/sprawozdanie-fundacji-2021\/\"]}]},{\"@type\":\"BreadcrumbList\",\"@id\":\"https:\/\/www.web-korki.pl\/index.php\/sprawozdanie-fundacji-2021\/#breadcrumb\",\"itemListElement\":[{\"@type\":\"ListItem\",\"position\":1,\"name\":\"Strona g\\u0142\\u00f3wna\",\"item\":\"https:\/\/www.web-korki.pl\/\"},{\"@type\":\"ListItem\",\"position\":2,\"name\":\"Sprawozdania fundacji\"}]}]}<\/script>\n<!-- \/ Yoast SEO plugin. -->","yoast_head_json":{"title":"Sprawozdania fundacji - Fundacja Web-korki","robots":{"index":"index","follow":"follow","max-snippet":"max-snippet:-1","max-image-preview":"max-image-preview:large","max-video-preview":"max-video-preview:-1"},"canonical":"https:\/\/www.web-korki.pl\/index.php\/sprawozdanie-fundacji-2021\/","og_locale":"pl_PL","og_type":"article","og_title":"Sprawozdania fundacji - Fundacja Web-korki","og_description":"Sprawozdanie z dzia\u0142alno\u015bci fundacji za rok 2023 Sprawozdanie z dzia\u0142alno\u015bci fundacji za rok 2022 Sprawozdanie z dzia\u0142alno\u015bci fundacji za rokZobacz wi\u0119cejSprawozdania fundacji","og_url":"https:\/\/www.web-korki.pl\/index.php\/sprawozdanie-fundacji-2021\/","og_site_name":"Fundacja Web-korki","article_modified_time":"2025-04-20T21:15:36+00:00","twitter_card":"summary_large_image","twitter_misc":{"Szacowany czas czytania":"1 minuta"},"schema":{"@context":"https:\/\/schema.org","@graph":[{"@type":"WebSite","@id":"https:\/\/www.web-korki.pl\/#website","url":"https:\/\/www.web-korki.pl\/","name":"Fundacja Web-korki","description":"PODARUJMY DZIECIOM SW\u00d3J CZAS","potentialAction":[{"@type":"SearchAction","target":{"@type":"EntryPoint","urlTemplate":"https:\/\/www.web-korki.pl\/?s={search_term_string}"},"query-input":"required name=search_term_string"}],"inLanguage":"pl-PL"},{"@type":"WebPage","@id":"https:\/\/www.web-korki.pl\/index.php\/sprawozdanie-fundacji-2021\/#webpage","url":"https:\/\/www.web-korki.pl\/index.php\/sprawozdanie-fundacji-2021\/","name":"Sprawozdania fundacji - Fundacja Web-korki","isPartOf":{"@id":"https:\/\/www.web-korki.pl\/#website"},"datePublished":"2023-04-20T19:10:57+00:00","dateModified":"2025-04-20T21:15:36+00:00","breadcrumb":{"@id":"https:\/\/www.web-korki.pl\/index.php\/sprawozdanie-fundacji-2021\/#breadcrumb"},"inLanguage":"pl-PL","potentialAction":[{"@type":"ReadAction","target":["https:\/\/www.web-korki.pl\/index.php\/sprawozdanie-fundacji-2021\/"]}]},{"@type":"BreadcrumbList","@id":"https:\/\/www.web-korki.pl\/index.php\/sprawozdanie-fundacji-2021\/#breadcrumb","itemListElement":[{"@type":"ListItem","position":1,"name":"Strona g\u0142\u00f3wna","item":"https:\/\/www.web-korki.pl\/"},{"@type":"ListItem","position":2,"name":"Sprawozdania fundacji"}]}]}},"_links":{"self":[{"href":"https:\/\/www.web-korki.pl\/index.php\/wp-json\/wp\/v2\/pages\/1116","targetHints":{"allow":["GET"]}}],"collection":[{"href":"https:\/\/www.web-korki.pl\/index.php\/wp-json\/wp\/v2\/pages"}],"about":[{"href":"https:\/\/www.web-korki.pl\/index.php\/wp-json\/wp\/v2\/types\/page"}],"author":[{"embeddable":true,"href":"https:\/\/www.web-korki.pl\/index.php\/wp-json\/wp\/v2\/users\/1"}],"replies":[{"embeddable":true,"href":"https:\/\/www.web-korki.pl\/index.php\/wp-json\/wp\/v2\/comments?post=1116"}],"version-history":[{"count":8,"href":"https:\/\/www.web-korki.pl\/index.php\/wp-json\/wp\/v2\/pages\/1116\/revisions"}],"predecessor-version":[{"id":1625,"href":"https:\/\/www.web-korki.pl\/index.php\/wp-json\/wp\/v2\/pages\/1116\/revisions\/1625"}],"wp:attachment":[{"href":"https:\/\/www.web-korki.pl\/index.php\/wp-json\/wp\/v2\/media?parent=1116"}],"curies":[{"name":"wp","href":"https:\/\/api.w.org\/{rel}","templated":true}]}}