{"id":1400,"date":"2024-08-14T17:08:13","date_gmt":"2024-08-14T17:08:13","guid":{"rendered":"https:\/\/www.web-korki.pl\/?page_id=1400"},"modified":"2026-02-20T22:11:43","modified_gmt":"2026-02-20T22:11:43","slug":"polityka-ochrony-dziecka","status":"publish","type":"page","link":"https:\/\/www.web-korki.pl\/index.php\/polityka-ochrony-dziecka\/","title":{"rendered":"Polityka ochrony dziecka"},"content":{"rendered":"<p style=\"text-align: center; font-size: 24px;\"><a href=\"https:\/\/www.web-korki.pl\/wp-content\/uploads\/2026\/02\/Polityka-ochrony-dzieci_2026.pdf\" target=\"_blank\" rel=\"noopener\">Polityka ochrony dziecka w formacie PDF<\/a><\/p>\n<p style=\"text-align: center; font-size: 18px;\"><a href=\"https:\/\/www.web-korki.pl\/wp-content\/uploads\/2024\/08\/Zala\u0328cznik-nr-1_Zasady-bezpiecznych-relacji-personel-dziecko.pdf\" target=\"_blank\" rel=\"noopener\">Za\u0142\u0105cznik nr 1 &#8211; Zasady bezpiecznych relacji personel dziecko w formacie PDF<\/a><\/p>\n<p style=\"text-align: center; font-size: 18px;\"><a href=\"https:\/\/www.web-korki.pl\/wp-content\/uploads\/2024\/08\/Zala\u0328cznik-nr-2_Zasady-bezpiecznej-rekrutacji-personelu.pdf\" rel=\"noopener\">Za\u0142\u0105cznik nr 2 &#8211; Zasady bezpiecznej rekrutacji personelu w formacie PDF<\/a><\/p>\n<p style=\"text-align: center; font-size: 18px;\"><a href=\"https:\/\/www.web-korki.pl\/wp-content\/uploads\/2024\/08\/Zala\u0328cznik-nr-3_Karta-interwencji.pdf\" target=\"_blank\" rel=\"noopener\">Za\u0142\u0105cznik nr 3 &#8211; Karta interwencji w formacie PDF<\/a><\/p>\n<p style=\"text-align: center; font-size: 18px;\"><a href=\"https:\/\/www.web-korki.pl\/wp-content\/uploads\/2024\/08\/Zala\u0328cznik-nr-4_Ankieta.pdf\" target=\"_blank\" rel=\"noopener\">Za\u0142\u0105cznik nr 4 &#8211; Ankieta w formacie PDF<\/a><\/p>\n<p style=\"text-align: center; font-size: 18px;\"><a href=\"https:\/\/www.web-korki.pl\/wp-content\/uploads\/2024\/08\/Zala\u0328cznik-nr-5_Raport.pdf\" rel=\"noopener\">Za\u0142\u0105cznik nr 5 &#8211; Raport w formacie PDF<\/a><\/p>\n<p style=\"text-align: center; font-size: 18px;\"><a href=\"https:\/\/www.web-korki.pl\/wp-content\/uploads\/2026\/02\/Zalacznik-nr-6_Polityka-dla-maloletnich_2026.pdf\" target=\"_blank\" rel=\"noopener\">Za\u0142\u0105cznik nr 6 &#8211; Polityka dla ma\u0142oletnich w formacie PDF<\/a><\/p>\n<p style=\"text-align: center; font-size: 18px;\"><a href=\"https:\/\/www.web-korki.pl\/wp-content\/uploads\/2024\/08\/Zala\u0328cznik-nr-7_Os\u0301wiadczenie-o-zapoznaniu-z-polityka\u0328.pdf\" target=\"_blank\" rel=\"noopener\">Za\u0142\u0105cznik nr 7 &#8211; O\u015bwiadczenie o zapoznaniu z polityk\u0105 ochrony dziecka w formacie PDF<\/a><\/p>\n","protected":false},"excerpt":{"rendered":"<p>Polityka ochrony dziecka w formacie PDF Za\u0142\u0105cznik nr 1 &#8211; Zasady bezpiecznych relacji personel dziecko w formacie PDF Za\u0142\u0105cznik nr<\/p>\n<p><a href=\"https:\/\/www.web-korki.pl\/index.php\/polityka-ochrony-dziecka\/\" class=\"more-link\">Zobacz wi\u0119cej<span class=\"screen-reader-text\">Polityka ochrony dziecka<\/span><\/a><\/p>\n","protected":false},"author":1,"featured_media":0,"parent":0,"menu_order":0,"comment_status":"closed","ping_status":"closed","template":"","meta":{"footnotes":""},"class_list":["post-1400","page","type-page","status-publish","hentry"],"yoast_head":"<!-- This site is optimized with the Yoast SEO plugin v17.9 - https:\/\/yoast.com\/wordpress\/plugins\/seo\/ -->\n<title>Polityka ochrony dziecka - Fundacja Web-korki<\/title>\n<meta name=\"robots\" content=\"index, follow, max-snippet:-1, max-image-preview:large, max-video-preview:-1\" \/>\n<link rel=\"canonical\" href=\"https:\/\/www.web-korki.pl\/index.php\/polityka-ochrony-dziecka\/\" \/>\n<meta property=\"og:locale\" content=\"pl_PL\" \/>\n<meta property=\"og:type\" content=\"article\" \/>\n<meta property=\"og:title\" content=\"Polityka ochrony dziecka - Fundacja Web-korki\" \/>\n<meta property=\"og:description\" content=\"Polityka ochrony dziecka w formacie PDF Za\u0142\u0105cznik nr 1 &#8211; Zasady bezpiecznych relacji personel dziecko w formacie PDF Za\u0142\u0105cznik nrZobacz wi\u0119cejPolityka ochrony dziecka\" \/>\n<meta property=\"og:url\" content=\"https:\/\/www.web-korki.pl\/index.php\/polityka-ochrony-dziecka\/\" \/>\n<meta property=\"og:site_name\" content=\"Fundacja Web-korki\" \/>\n<meta property=\"article:modified_time\" content=\"2026-02-20T22:11:43+00:00\" \/>\n<meta name=\"twitter:card\" content=\"summary_large_image\" \/>\n<meta name=\"twitter:label1\" content=\"Szacowany czas czytania\" \/>\n\t<meta name=\"twitter:data1\" content=\"1 minuta\" \/>\n<script type=\"application\/ld+json\" class=\"yoast-schema-graph\">{\"@context\":\"https:\/\/schema.org\",\"@graph\":[{\"@type\":\"WebSite\",\"@id\":\"https:\/\/www.web-korki.pl\/#website\",\"url\":\"https:\/\/www.web-korki.pl\/\",\"name\":\"Fundacja Web-korki\",\"description\":\"PODARUJMY DZIECIOM SW\\u00d3J CZAS\",\"potentialAction\":[{\"@type\":\"SearchAction\",\"target\":{\"@type\":\"EntryPoint\",\"urlTemplate\":\"https:\/\/www.web-korki.pl\/?s={search_term_string}\"},\"query-input\":\"required name=search_term_string\"}],\"inLanguage\":\"pl-PL\"},{\"@type\":\"WebPage\",\"@id\":\"https:\/\/www.web-korki.pl\/index.php\/polityka-ochrony-dziecka\/#webpage\",\"url\":\"https:\/\/www.web-korki.pl\/index.php\/polityka-ochrony-dziecka\/\",\"name\":\"Polityka ochrony dziecka - Fundacja Web-korki\",\"isPartOf\":{\"@id\":\"https:\/\/www.web-korki.pl\/#website\"},\"datePublished\":\"2024-08-14T17:08:13+00:00\",\"dateModified\":\"2026-02-20T22:11:43+00:00\",\"breadcrumb\":{\"@id\":\"https:\/\/www.web-korki.pl\/index.php\/polityka-ochrony-dziecka\/#breadcrumb\"},\"inLanguage\":\"pl-PL\",\"potentialAction\":[{\"@type\":\"ReadAction\",\"target\":[\"https:\/\/www.web-korki.pl\/index.php\/polityka-ochrony-dziecka\/\"]}]},{\"@type\":\"BreadcrumbList\",\"@id\":\"https:\/\/www.web-korki.pl\/index.php\/polityka-ochrony-dziecka\/#breadcrumb\",\"itemListElement\":[{\"@type\":\"ListItem\",\"position\":1,\"name\":\"Strona g\\u0142\\u00f3wna\",\"item\":\"https:\/\/www.web-korki.pl\/\"},{\"@type\":\"ListItem\",\"position\":2,\"name\":\"Polityka ochrony dziecka\"}]}]}<\/script>\n<!-- \/ Yoast SEO plugin. -->","yoast_head_json":{"title":"Polityka ochrony dziecka - Fundacja Web-korki","robots":{"index":"index","follow":"follow","max-snippet":"max-snippet:-1","max-image-preview":"max-image-preview:large","max-video-preview":"max-video-preview:-1"},"canonical":"https:\/\/www.web-korki.pl\/index.php\/polityka-ochrony-dziecka\/","og_locale":"pl_PL","og_type":"article","og_title":"Polityka ochrony dziecka - Fundacja Web-korki","og_description":"Polityka ochrony dziecka w formacie PDF Za\u0142\u0105cznik nr 1 &#8211; Zasady bezpiecznych relacji personel dziecko w formacie PDF Za\u0142\u0105cznik nrZobacz wi\u0119cejPolityka ochrony dziecka","og_url":"https:\/\/www.web-korki.pl\/index.php\/polityka-ochrony-dziecka\/","og_site_name":"Fundacja Web-korki","article_modified_time":"2026-02-20T22:11:43+00:00","twitter_card":"summary_large_image","twitter_misc":{"Szacowany czas czytania":"1 minuta"},"schema":{"@context":"https:\/\/schema.org","@graph":[{"@type":"WebSite","@id":"https:\/\/www.web-korki.pl\/#website","url":"https:\/\/www.web-korki.pl\/","name":"Fundacja Web-korki","description":"PODARUJMY DZIECIOM SW\u00d3J CZAS","potentialAction":[{"@type":"SearchAction","target":{"@type":"EntryPoint","urlTemplate":"https:\/\/www.web-korki.pl\/?s={search_term_string}"},"query-input":"required name=search_term_string"}],"inLanguage":"pl-PL"},{"@type":"WebPage","@id":"https:\/\/www.web-korki.pl\/index.php\/polityka-ochrony-dziecka\/#webpage","url":"https:\/\/www.web-korki.pl\/index.php\/polityka-ochrony-dziecka\/","name":"Polityka ochrony dziecka - Fundacja Web-korki","isPartOf":{"@id":"https:\/\/www.web-korki.pl\/#website"},"datePublished":"2024-08-14T17:08:13+00:00","dateModified":"2026-02-20T22:11:43+00:00","breadcrumb":{"@id":"https:\/\/www.web-korki.pl\/index.php\/polityka-ochrony-dziecka\/#breadcrumb"},"inLanguage":"pl-PL","potentialAction":[{"@type":"ReadAction","target":["https:\/\/www.web-korki.pl\/index.php\/polityka-ochrony-dziecka\/"]}]},{"@type":"BreadcrumbList","@id":"https:\/\/www.web-korki.pl\/index.php\/polityka-ochrony-dziecka\/#breadcrumb","itemListElement":[{"@type":"ListItem","position":1,"name":"Strona g\u0142\u00f3wna","item":"https:\/\/www.web-korki.pl\/"},{"@type":"ListItem","position":2,"name":"Polityka ochrony dziecka"}]}]}},"_links":{"self":[{"href":"https:\/\/www.web-korki.pl\/index.php\/wp-json\/wp\/v2\/pages\/1400","targetHints":{"allow":["GET"]}}],"collection":[{"href":"https:\/\/www.web-korki.pl\/index.php\/wp-json\/wp\/v2\/pages"}],"about":[{"href":"https:\/\/www.web-korki.pl\/index.php\/wp-json\/wp\/v2\/types\/page"}],"author":[{"embeddable":true,"href":"https:\/\/www.web-korki.pl\/index.php\/wp-json\/wp\/v2\/users\/1"}],"replies":[{"embeddable":true,"href":"https:\/\/www.web-korki.pl\/index.php\/wp-json\/wp\/v2\/comments?post=1400"}],"version-history":[{"count":4,"href":"https:\/\/www.web-korki.pl\/index.php\/wp-json\/wp\/v2\/pages\/1400\/revisions"}],"predecessor-version":[{"id":1777,"href":"https:\/\/www.web-korki.pl\/index.php\/wp-json\/wp\/v2\/pages\/1400\/revisions\/1777"}],"wp:attachment":[{"href":"https:\/\/www.web-korki.pl\/index.php\/wp-json\/wp\/v2\/media?parent=1400"}],"curies":[{"name":"wp","href":"https:\/\/api.w.org\/{rel}","templated":true}]}}