{"id":228,"date":"2022-01-21T09:39:43","date_gmt":"2022-01-21T09:39:43","guid":{"rendered":"http:\/\/www.web-korki.pl\/?page_id=228"},"modified":"2026-02-18T22:34:08","modified_gmt":"2026-02-18T22:34:08","slug":"zespol","status":"publish","type":"page","link":"https:\/\/www.web-korki.pl\/index.php\/zespol\/","title":{"rendered":"ZESP\u00d3\u0141"},"content":{"rendered":"<p style=\"text-align: justify;\">Aktualnie z fundacj\u0105 wsp\u00f3\u0142pracuje regularnie 200\u00a0wolontariuszy.\u00a0<\/p>\n<p style=\"text-align: justify;\">Fundacja \u00a0zosta\u0142a za\u0142o\u017cona i jest prowadzona przez Olg\u0119 Kotyk, jednak\u017ce w jej projekty zaanga\u017cowane s\u0105 niesamowite osoby, m.in. \u00a0takie jak opiekunki wolontariuszy, kt\u00f3re dbaj\u0105 o to, aby komunikacja pomi\u0119dzy plac\u00f3wk\u0105 a korepetytorem zawsze przebiega\u0142a sprawnie oraz , aby nasi wolontariusze zawsze mieli do kogo zwr\u00f3ci\u0107 si\u0119 z swoim problemem, a plac\u00f3wki mia\u0142y komu zda\u0107 opini\u0119 z zaj\u0119\u0107.<\/p>\n<h3 style=\"text-align: center;\"><b>FUNDACJA<\/b><\/h3>\n<p style=\"text-align: center;\"><img loading=\"lazy\" decoding=\"async\" class=\"alignnone  wp-image-1557\" src=\"https:\/\/www.web-korki.pl\/wp-content\/uploads\/2025\/04\/475979912_9308884269161504_2208950811756934449_n-1.jpg\" alt=\"\" width=\"505\" height=\"505\" srcset=\"https:\/\/www.web-korki.pl\/wp-content\/uploads\/2025\/04\/475979912_9308884269161504_2208950811756934449_n-1.jpg 800w, https:\/\/www.web-korki.pl\/wp-content\/uploads\/2025\/04\/475979912_9308884269161504_2208950811756934449_n-1-300x300.jpg 300w, https:\/\/www.web-korki.pl\/wp-content\/uploads\/2025\/04\/475979912_9308884269161504_2208950811756934449_n-1-150x150.jpg 150w, https:\/\/www.web-korki.pl\/wp-content\/uploads\/2025\/04\/475979912_9308884269161504_2208950811756934449_n-1-768x768.jpg 768w, https:\/\/www.web-korki.pl\/wp-content\/uploads\/2025\/04\/475979912_9308884269161504_2208950811756934449_n-1-666x666.jpg 666w\" sizes=\"auto, (max-width: 505px) 100vw, 505px\" \/><br \/><b>Olga Kotyk<\/b> (Za\u0142o\u017cycielka i Prezeska fundacji)<\/p>\n<p style=\"text-align: justify;\">Olga ma 26 lat, uko\u0144czy\u0142a zarz\u0105dzanie i in\u017cynieri\u0119 produkcji na Uniwersytecie Ekonomicznym w Poznaniu oraz studia magisterskie na kierunku Lingwistyka Stosowana. Dodatkowo Olga uko\u0144czy\u0142a Psychologi\u0119 w biznesie na Uniwersytecie Ekonomicznym w Poznaniu. Pracowa\u0142a m.in jako Project Manager w du\u017cej firmie technologicznej. Dzi\u015b skupia si\u0119 na wspieraniu firm w tworzeniu przemy\u015blanych strategii odpowiedzialnego biznesu, prowadzi zaj\u0119cia i warsztaty dla student\u00f3w i pracownik\u00f3w firm z zakresu budowania trwa\u0142ych projekt\u00f3w spo\u0142ecznych. Z dzia\u0142alno\u015bci\u0105 charytatywn\u0105 zwi\u0105zana jest od 14 roku \u017cycia, zacz\u0119\u0142a od pracy w Domu Pomocy Spo\u0142ecznej, nast\u0119pnie na studiach charytatywnie wsp\u00f3\u0142organizowa\u0142a najwi\u0119ksze targi pracy, praktyk i sta\u017cy (\u201eDni Kariery\u201d) w Polsce. Po drugim roku studi\u00f3w Olga realizowa\u0142a jeden z Cel\u00f3w Zr\u00f3wnowa\u017conego Rozwoju ONZ (Wzrost gospodarczy i godna praca) podczas zagranicznego wolontariatu na Sri lance. Kr\u00f3tko po wybuchu pandemii postanowi\u0142a rozpocz\u0105\u0107 sw\u00f3j autorski projekt- korepetycje online dla do\u015bwiadczonych przez los dzieci, kt\u00f3re szczeg\u00f3lnie potrzebuj\u0105 wsparcia w rozwoju osobistym. W fundacji dba te\u017c o samych wolontariuszy, kt\u00f3rzy s\u0105 dla niej r\u00f3wnie wa\u017cni, dlatego stworzy\u0142a dla nich specjalny program rozwoju, zach\u0119caj\u0105c do zaanga\u017cowania si\u0119 w ten projekt wspania\u0142ych ludzi i r\u00f3\u017cne organizacje.<\/p>\n\n\n<div class=\"wp-block-columns is-layout-flex wp-container-core-columns-is-layout-9d6595d7 wp-block-columns-is-layout-flex\">\n<div class=\"wp-block-column is-layout-flow wp-block-column-is-layout-flow\">\n<figure class=\"wp-block-image size-large\"><img loading=\"lazy\" decoding=\"async\" width=\"576\" height=\"1024\" src=\"https:\/\/www.web-korki.pl\/wp-content\/uploads\/2025\/04\/23-1-576x1024.png\" alt=\"\" class=\"wp-image-1621\" srcset=\"https:\/\/www.web-korki.pl\/wp-content\/uploads\/2025\/04\/23-1-576x1024.png 576w, https:\/\/www.web-korki.pl\/wp-content\/uploads\/2025\/04\/23-1-169x300.png 169w, https:\/\/www.web-korki.pl\/wp-content\/uploads\/2025\/04\/23-1-768x1365.png 768w, https:\/\/www.web-korki.pl\/wp-content\/uploads\/2025\/04\/23-1-864x1536.png 864w, https:\/\/www.web-korki.pl\/wp-content\/uploads\/2025\/04\/23-1.png 1080w\" sizes=\"auto, (max-width: 576px) 100vw, 576px\" \/><\/figure>\n<\/div>\n\n\n\n<div class=\"wp-block-column is-layout-flow wp-block-column-is-layout-flow\">\n<figure class=\"wp-block-image size-large\"><img loading=\"lazy\" decoding=\"async\" width=\"576\" height=\"1024\" src=\"https:\/\/www.web-korki.pl\/wp-content\/uploads\/2025\/12\/piotr-bienias-576x1024.jpg\" alt=\"\" class=\"wp-image-1765\" srcset=\"https:\/\/www.web-korki.pl\/wp-content\/uploads\/2025\/12\/piotr-bienias-576x1024.jpg 576w, https:\/\/www.web-korki.pl\/wp-content\/uploads\/2025\/12\/piotr-bienias-169x300.jpg 169w, https:\/\/www.web-korki.pl\/wp-content\/uploads\/2025\/12\/piotr-bienias-768x1365.jpg 768w, https:\/\/www.web-korki.pl\/wp-content\/uploads\/2025\/12\/piotr-bienias-864x1536.jpg 864w, https:\/\/www.web-korki.pl\/wp-content\/uploads\/2025\/12\/piotr-bienias.jpg 1080w\" sizes=\"auto, (max-width: 576px) 100vw, 576px\" \/><\/figure>\n<\/div>\n\n\n\n<div class=\"wp-block-column is-layout-flow wp-block-column-is-layout-flow\">\n<figure class=\"wp-block-image size-large\"><img loading=\"lazy\" decoding=\"async\" width=\"1080\" height=\"1920\" src=\"https:\/\/www.web-korki.pl\/wp-content\/uploads\/2025\/04\/24-576x1024.png\" alt=\"\" class=\"wp-image-1599\" srcset=\"https:\/\/www.web-korki.pl\/wp-content\/uploads\/2025\/04\/24-576x1024.png 576w, https:\/\/www.web-korki.pl\/wp-content\/uploads\/2025\/04\/24-169x300.png 169w, https:\/\/www.web-korki.pl\/wp-content\/uploads\/2025\/04\/24-768x1365.png 768w, https:\/\/www.web-korki.pl\/wp-content\/uploads\/2025\/04\/24-864x1536.png 864w, https:\/\/www.web-korki.pl\/wp-content\/uploads\/2025\/04\/24.png 1080w\" sizes=\"auto, (max-width: 1080px) 100vw, 1080px\" \/><\/figure>\n<\/div>\n<\/div>\n\n\n\n<div class=\"wp-block-columns is-layout-flex wp-container-core-columns-is-layout-9d6595d7 wp-block-columns-is-layout-flex\">\n<div class=\"wp-block-column is-layout-flow wp-block-column-is-layout-flow\">\n<figure class=\"wp-block-image size-large\"><img loading=\"lazy\" decoding=\"async\" width=\"576\" height=\"1024\" src=\"https:\/\/www.web-korki.pl\/wp-content\/uploads\/2025\/04\/26-576x1024.png\" alt=\"\" class=\"wp-image-1604\" srcset=\"https:\/\/www.web-korki.pl\/wp-content\/uploads\/2025\/04\/26-576x1024.png 576w, https:\/\/www.web-korki.pl\/wp-content\/uploads\/2025\/04\/26-169x300.png 169w, https:\/\/www.web-korki.pl\/wp-content\/uploads\/2025\/04\/26-768x1365.png 768w, https:\/\/www.web-korki.pl\/wp-content\/uploads\/2025\/04\/26-864x1536.png 864w, https:\/\/www.web-korki.pl\/wp-content\/uploads\/2025\/04\/26.png 1080w\" sizes=\"auto, (max-width: 576px) 100vw, 576px\" \/><\/figure>\n\n\n\n<figure class=\"wp-block-image size-large\"><img loading=\"lazy\" decoding=\"async\" width=\"576\" height=\"1024\" src=\"https:\/\/www.web-korki.pl\/wp-content\/uploads\/2025\/04\/30-576x1024.png\" alt=\"\" class=\"wp-image-1607\" srcset=\"https:\/\/www.web-korki.pl\/wp-content\/uploads\/2025\/04\/30-576x1024.png 576w, https:\/\/www.web-korki.pl\/wp-content\/uploads\/2025\/04\/30-169x300.png 169w, https:\/\/www.web-korki.pl\/wp-content\/uploads\/2025\/04\/30-768x1365.png 768w, https:\/\/www.web-korki.pl\/wp-content\/uploads\/2025\/04\/30-864x1536.png 864w, https:\/\/www.web-korki.pl\/wp-content\/uploads\/2025\/04\/30.png 1080w\" sizes=\"auto, (max-width: 576px) 100vw, 576px\" \/><\/figure>\n<\/div>\n\n\n\n<div class=\"wp-block-column is-layout-flow wp-block-column-is-layout-flow\">\n<figure class=\"wp-block-image size-large\"><img loading=\"lazy\" decoding=\"async\" width=\"576\" height=\"1024\" src=\"https:\/\/www.web-korki.pl\/wp-content\/uploads\/2025\/04\/34-576x1024.png\" alt=\"\" class=\"wp-image-1606\" srcset=\"https:\/\/www.web-korki.pl\/wp-content\/uploads\/2025\/04\/34-576x1024.png 576w, https:\/\/www.web-korki.pl\/wp-content\/uploads\/2025\/04\/34-169x300.png 169w, https:\/\/www.web-korki.pl\/wp-content\/uploads\/2025\/04\/34-768x1365.png 768w, https:\/\/www.web-korki.pl\/wp-content\/uploads\/2025\/04\/34-864x1536.png 864w, https:\/\/www.web-korki.pl\/wp-content\/uploads\/2025\/04\/34.png 1080w\" sizes=\"auto, (max-width: 576px) 100vw, 576px\" \/><\/figure>\n\n\n\n<figure class=\"wp-block-image size-large\"><img loading=\"lazy\" decoding=\"async\" width=\"576\" height=\"1024\" src=\"https:\/\/www.web-korki.pl\/wp-content\/uploads\/2025\/04\/31-576x1024.png\" alt=\"\" class=\"wp-image-1608\" srcset=\"https:\/\/www.web-korki.pl\/wp-content\/uploads\/2025\/04\/31-576x1024.png 576w, https:\/\/www.web-korki.pl\/wp-content\/uploads\/2025\/04\/31-169x300.png 169w, https:\/\/www.web-korki.pl\/wp-content\/uploads\/2025\/04\/31-768x1365.png 768w, https:\/\/www.web-korki.pl\/wp-content\/uploads\/2025\/04\/31-864x1536.png 864w, https:\/\/www.web-korki.pl\/wp-content\/uploads\/2025\/04\/31.png 1080w\" sizes=\"auto, (max-width: 576px) 100vw, 576px\" \/><\/figure>\n<\/div>\n\n\n\n<div class=\"wp-block-column is-layout-flow wp-block-column-is-layout-flow\">\n<figure class=\"wp-block-image size-large\"><img loading=\"lazy\" decoding=\"async\" width=\"576\" height=\"1024\" src=\"https:\/\/www.web-korki.pl\/wp-content\/uploads\/2025\/04\/32-576x1024.png\" alt=\"\" class=\"wp-image-1605\" srcset=\"https:\/\/www.web-korki.pl\/wp-content\/uploads\/2025\/04\/32-576x1024.png 576w, https:\/\/www.web-korki.pl\/wp-content\/uploads\/2025\/04\/32-169x300.png 169w, https:\/\/www.web-korki.pl\/wp-content\/uploads\/2025\/04\/32-768x1365.png 768w, https:\/\/www.web-korki.pl\/wp-content\/uploads\/2025\/04\/32-864x1536.png 864w, https:\/\/www.web-korki.pl\/wp-content\/uploads\/2025\/04\/32.png 1080w\" sizes=\"auto, (max-width: 576px) 100vw, 576px\" \/><\/figure>\n\n\n\n<figure class=\"wp-block-image size-large\"><img loading=\"lazy\" decoding=\"async\" width=\"576\" height=\"1024\" src=\"https:\/\/www.web-korki.pl\/wp-content\/uploads\/2025\/04\/33-576x1024.png\" alt=\"\" class=\"wp-image-1609\" srcset=\"https:\/\/www.web-korki.pl\/wp-content\/uploads\/2025\/04\/33-576x1024.png 576w, https:\/\/www.web-korki.pl\/wp-content\/uploads\/2025\/04\/33-169x300.png 169w, https:\/\/www.web-korki.pl\/wp-content\/uploads\/2025\/04\/33-768x1365.png 768w, https:\/\/www.web-korki.pl\/wp-content\/uploads\/2025\/04\/33-864x1536.png 864w, https:\/\/www.web-korki.pl\/wp-content\/uploads\/2025\/04\/33.png 1080w\" sizes=\"auto, (max-width: 576px) 100vw, 576px\" \/><\/figure>\n<\/div>\n<\/div>\n\n\n\n<div class=\"wp-block-columns is-layout-flex wp-container-core-columns-is-layout-9d6595d7 wp-block-columns-is-layout-flex\">\n<div class=\"wp-block-column is-layout-flow wp-block-column-is-layout-flow\">\n<figure class=\"wp-block-image size-large\"><img loading=\"lazy\" decoding=\"async\" width=\"576\" height=\"1024\" src=\"https:\/\/www.web-korki.pl\/wp-content\/uploads\/2025\/05\/1000030186-576x1024.jpg\" alt=\"\" class=\"wp-image-1686\" srcset=\"https:\/\/www.web-korki.pl\/wp-content\/uploads\/2025\/05\/1000030186-576x1024.jpg 576w, https:\/\/www.web-korki.pl\/wp-content\/uploads\/2025\/05\/1000030186-169x300.jpg 169w, https:\/\/www.web-korki.pl\/wp-content\/uploads\/2025\/05\/1000030186-768x1365.jpg 768w, https:\/\/www.web-korki.pl\/wp-content\/uploads\/2025\/05\/1000030186-864x1536.jpg 864w, https:\/\/www.web-korki.pl\/wp-content\/uploads\/2025\/05\/1000030186.jpg 1080w\" sizes=\"auto, (max-width: 576px) 100vw, 576px\" \/><\/figure>\n<\/div>\n\n\n\n<div class=\"wp-block-column is-layout-flow wp-block-column-is-layout-flow\">\n<figure class=\"wp-block-image size-large\"><img loading=\"lazy\" decoding=\"async\" width=\"576\" height=\"1024\" src=\"https:\/\/www.web-korki.pl\/wp-content\/uploads\/2025\/04\/27-576x1024.png\" alt=\"\" class=\"wp-image-1612\" srcset=\"https:\/\/www.web-korki.pl\/wp-content\/uploads\/2025\/04\/27-576x1024.png 576w, https:\/\/www.web-korki.pl\/wp-content\/uploads\/2025\/04\/27-169x300.png 169w, https:\/\/www.web-korki.pl\/wp-content\/uploads\/2025\/04\/27-768x1365.png 768w, https:\/\/www.web-korki.pl\/wp-content\/uploads\/2025\/04\/27-864x1536.png 864w, https:\/\/www.web-korki.pl\/wp-content\/uploads\/2025\/04\/27.png 1080w\" sizes=\"auto, (max-width: 576px) 100vw, 576px\" \/><\/figure>\n<\/div>\n\n\n\n<div class=\"wp-block-column is-layout-flow wp-block-column-is-layout-flow\">\n<figure class=\"wp-block-image size-large\"><img loading=\"lazy\" decoding=\"async\" width=\"576\" height=\"1024\" src=\"https:\/\/www.web-korki.pl\/wp-content\/uploads\/2025\/04\/28-576x1024.png\" alt=\"\" class=\"wp-image-1614\" srcset=\"https:\/\/www.web-korki.pl\/wp-content\/uploads\/2025\/04\/28-576x1024.png 576w, https:\/\/www.web-korki.pl\/wp-content\/uploads\/2025\/04\/28-169x300.png 169w, https:\/\/www.web-korki.pl\/wp-content\/uploads\/2025\/04\/28-768x1365.png 768w, https:\/\/www.web-korki.pl\/wp-content\/uploads\/2025\/04\/28-864x1536.png 864w, https:\/\/www.web-korki.pl\/wp-content\/uploads\/2025\/04\/28.png 1080w\" sizes=\"auto, (max-width: 576px) 100vw, 576px\" \/><\/figure>\n<\/div>\n<\/div>\n\n\n\n<div class=\"wp-block-columns is-layout-flex wp-container-core-columns-is-layout-9d6595d7 wp-block-columns-is-layout-flex\">\n<div class=\"wp-block-column is-layout-flow wp-block-column-is-layout-flow\">\n<figure class=\"wp-block-image size-large\"><img loading=\"lazy\" decoding=\"async\" width=\"576\" height=\"1024\" src=\"https:\/\/www.web-korki.pl\/wp-content\/uploads\/2025\/06\/Jakub-Dudicz-2-576x1024.jpg\" alt=\"\" class=\"wp-image-1717\" srcset=\"https:\/\/www.web-korki.pl\/wp-content\/uploads\/2025\/06\/Jakub-Dudicz-2-576x1024.jpg 576w, https:\/\/www.web-korki.pl\/wp-content\/uploads\/2025\/06\/Jakub-Dudicz-2-169x300.jpg 169w, https:\/\/www.web-korki.pl\/wp-content\/uploads\/2025\/06\/Jakub-Dudicz-2-768x1365.jpg 768w, https:\/\/www.web-korki.pl\/wp-content\/uploads\/2025\/06\/Jakub-Dudicz-2-864x1536.jpg 864w, https:\/\/www.web-korki.pl\/wp-content\/uploads\/2025\/06\/Jakub-Dudicz-2.jpg 1080w\" sizes=\"auto, (max-width: 576px) 100vw, 576px\" \/><\/figure>\n<\/div>\n\n\n\n<div class=\"wp-block-column is-layout-flow wp-block-column-is-layout-flow\">\n<figure class=\"wp-block-image size-large\"><img loading=\"lazy\" decoding=\"async\" width=\"576\" height=\"1024\" src=\"https:\/\/www.web-korki.pl\/wp-content\/uploads\/2025\/04\/29-576x1024.png\" alt=\"\" class=\"wp-image-1613\" srcset=\"https:\/\/www.web-korki.pl\/wp-content\/uploads\/2025\/04\/29-576x1024.png 576w, https:\/\/www.web-korki.pl\/wp-content\/uploads\/2025\/04\/29-169x300.png 169w, https:\/\/www.web-korki.pl\/wp-content\/uploads\/2025\/04\/29-768x1365.png 768w, https:\/\/www.web-korki.pl\/wp-content\/uploads\/2025\/04\/29-864x1536.png 864w, https:\/\/www.web-korki.pl\/wp-content\/uploads\/2025\/04\/29.png 1080w\" sizes=\"auto, (max-width: 576px) 100vw, 576px\" \/><\/figure>\n<\/div>\n\n\n\n<div class=\"wp-block-column is-layout-flow wp-block-column-is-layout-flow\"><\/div>\n<\/div>\n\n\n\n<p><\/p>\n\n\n\n<p class=\"has-text-align-center\"><\/p>\n\n\n\n<p><\/p>\n\n\n\n<p class=\"has-text-align-center\"><\/p>\n\n\n\n<p><\/p>\n\n\n\n<p><\/p>\n\n\n\n<p><\/p>\n\n\n\n<p><\/p>\n","protected":false},"excerpt":{"rendered":"<p>Aktualnie z fundacj\u0105 wsp\u00f3\u0142pracuje regularnie 200\u00a0wolontariuszy.\u00a0 Fundacja \u00a0zosta\u0142a za\u0142o\u017cona i jest prowadzona przez Olg\u0119 Kotyk, jednak\u017ce w jej projekty zaanga\u017cowane<\/p>\n<p><a href=\"https:\/\/www.web-korki.pl\/index.php\/zespol\/\" class=\"more-link\">Zobacz wi\u0119cej<span class=\"screen-reader-text\">ZESP\u00d3\u0141<\/span><\/a><\/p>\n","protected":false},"author":1,"featured_media":0,"parent":0,"menu_order":0,"comment_status":"closed","ping_status":"closed","template":"","meta":{"footnotes":""},"class_list":["post-228","page","type-page","status-publish","hentry"],"yoast_head":"<!-- This site is optimized with the Yoast SEO plugin v17.9 - https:\/\/yoast.com\/wordpress\/plugins\/seo\/ -->\n<title>ZESP\u00d3\u0141 - Fundacja Web-korki<\/title>\n<meta name=\"description\" content=\"Aktualnie z fundacj\u0105 regularnie wsp\u00f3\u0142pracuje 160\u00a0wolontariuszy, w tym: korepetytor\u00f3w, doradc\u00f3w zawodowych, psycholog\u00f3w.\" \/>\n<meta name=\"robots\" content=\"index, follow, max-snippet:-1, max-image-preview:large, max-video-preview:-1\" \/>\n<link rel=\"canonical\" href=\"https:\/\/www.web-korki.pl\/index.php\/zespol\/\" \/>\n<meta property=\"og:locale\" content=\"pl_PL\" \/>\n<meta property=\"og:type\" content=\"article\" \/>\n<meta property=\"og:title\" content=\"ZESP\u00d3\u0141 - Fundacja Web-korki\" \/>\n<meta property=\"og:description\" content=\"Aktualnie z fundacj\u0105 regularnie wsp\u00f3\u0142pracuje 160\u00a0wolontariuszy, w tym: korepetytor\u00f3w, doradc\u00f3w zawodowych, psycholog\u00f3w.\" \/>\n<meta property=\"og:url\" content=\"https:\/\/www.web-korki.pl\/index.php\/zespol\/\" \/>\n<meta property=\"og:site_name\" content=\"Fundacja Web-korki\" \/>\n<meta property=\"article:modified_time\" content=\"2026-02-18T22:34:08+00:00\" \/>\n<meta property=\"og:image\" content=\"https:\/\/www.web-korki.pl\/wp-content\/uploads\/2025\/04\/475979912_9308884269161504_2208950811756934449_n-1.jpg\" \/>\n<meta name=\"twitter:card\" content=\"summary_large_image\" \/>\n<meta name=\"twitter:label1\" content=\"Szacowany czas czytania\" \/>\n\t<meta name=\"twitter:data1\" content=\"5 minut\" \/>\n<script type=\"application\/ld+json\" class=\"yoast-schema-graph\">{\"@context\":\"https:\/\/schema.org\",\"@graph\":[{\"@type\":\"WebSite\",\"@id\":\"https:\/\/www.web-korki.pl\/#website\",\"url\":\"https:\/\/www.web-korki.pl\/\",\"name\":\"Fundacja Web-korki\",\"description\":\"PODARUJMY DZIECIOM SW\\u00d3J CZAS\",\"potentialAction\":[{\"@type\":\"SearchAction\",\"target\":{\"@type\":\"EntryPoint\",\"urlTemplate\":\"https:\/\/www.web-korki.pl\/?s={search_term_string}\"},\"query-input\":\"required name=search_term_string\"}],\"inLanguage\":\"pl-PL\"},{\"@type\":\"ImageObject\",\"@id\":\"https:\/\/www.web-korki.pl\/index.php\/zespol\/#primaryimage\",\"inLanguage\":\"pl-PL\",\"url\":\"https:\/\/www.web-korki.pl\/wp-content\/uploads\/2025\/04\/475979912_9308884269161504_2208950811756934449_n-1.jpg\",\"contentUrl\":\"https:\/\/www.web-korki.pl\/wp-content\/uploads\/2025\/04\/475979912_9308884269161504_2208950811756934449_n-1.jpg\",\"width\":800,\"height\":800},{\"@type\":\"WebPage\",\"@id\":\"https:\/\/www.web-korki.pl\/index.php\/zespol\/#webpage\",\"url\":\"https:\/\/www.web-korki.pl\/index.php\/zespol\/\",\"name\":\"ZESP\\u00d3\\u0141 - Fundacja Web-korki\",\"isPartOf\":{\"@id\":\"https:\/\/www.web-korki.pl\/#website\"},\"primaryImageOfPage\":{\"@id\":\"https:\/\/www.web-korki.pl\/index.php\/zespol\/#primaryimage\"},\"datePublished\":\"2022-01-21T09:39:43+00:00\",\"dateModified\":\"2026-02-18T22:34:08+00:00\",\"description\":\"Aktualnie z fundacj\\u0105 regularnie wsp\\u00f3\\u0142pracuje 160\\u00a0wolontariuszy, w tym: korepetytor\\u00f3w, doradc\\u00f3w zawodowych, psycholog\\u00f3w.\",\"breadcrumb\":{\"@id\":\"https:\/\/www.web-korki.pl\/index.php\/zespol\/#breadcrumb\"},\"inLanguage\":\"pl-PL\",\"potentialAction\":[{\"@type\":\"ReadAction\",\"target\":[\"https:\/\/www.web-korki.pl\/index.php\/zespol\/\"]}]},{\"@type\":\"BreadcrumbList\",\"@id\":\"https:\/\/www.web-korki.pl\/index.php\/zespol\/#breadcrumb\",\"itemListElement\":[{\"@type\":\"ListItem\",\"position\":1,\"name\":\"Strona g\\u0142\\u00f3wna\",\"item\":\"https:\/\/www.web-korki.pl\/\"},{\"@type\":\"ListItem\",\"position\":2,\"name\":\"ZESP\\u00d3\\u0141\"}]}]}<\/script>\n<!-- \/ Yoast SEO plugin. -->","yoast_head_json":{"title":"ZESP\u00d3\u0141 - Fundacja Web-korki","description":"Aktualnie z fundacj\u0105 regularnie wsp\u00f3\u0142pracuje 160\u00a0wolontariuszy, w tym: korepetytor\u00f3w, doradc\u00f3w zawodowych, psycholog\u00f3w.","robots":{"index":"index","follow":"follow","max-snippet":"max-snippet:-1","max-image-preview":"max-image-preview:large","max-video-preview":"max-video-preview:-1"},"canonical":"https:\/\/www.web-korki.pl\/index.php\/zespol\/","og_locale":"pl_PL","og_type":"article","og_title":"ZESP\u00d3\u0141 - Fundacja Web-korki","og_description":"Aktualnie z fundacj\u0105 regularnie wsp\u00f3\u0142pracuje 160\u00a0wolontariuszy, w tym: korepetytor\u00f3w, doradc\u00f3w zawodowych, psycholog\u00f3w.","og_url":"https:\/\/www.web-korki.pl\/index.php\/zespol\/","og_site_name":"Fundacja Web-korki","article_modified_time":"2026-02-18T22:34:08+00:00","og_image":[{"url":"https:\/\/www.web-korki.pl\/wp-content\/uploads\/2025\/04\/475979912_9308884269161504_2208950811756934449_n-1.jpg"}],"twitter_card":"summary_large_image","twitter_misc":{"Szacowany czas czytania":"5 minut"},"schema":{"@context":"https:\/\/schema.org","@graph":[{"@type":"WebSite","@id":"https:\/\/www.web-korki.pl\/#website","url":"https:\/\/www.web-korki.pl\/","name":"Fundacja Web-korki","description":"PODARUJMY DZIECIOM SW\u00d3J CZAS","potentialAction":[{"@type":"SearchAction","target":{"@type":"EntryPoint","urlTemplate":"https:\/\/www.web-korki.pl\/?s={search_term_string}"},"query-input":"required name=search_term_string"}],"inLanguage":"pl-PL"},{"@type":"ImageObject","@id":"https:\/\/www.web-korki.pl\/index.php\/zespol\/#primaryimage","inLanguage":"pl-PL","url":"https:\/\/www.web-korki.pl\/wp-content\/uploads\/2025\/04\/475979912_9308884269161504_2208950811756934449_n-1.jpg","contentUrl":"https:\/\/www.web-korki.pl\/wp-content\/uploads\/2025\/04\/475979912_9308884269161504_2208950811756934449_n-1.jpg","width":800,"height":800},{"@type":"WebPage","@id":"https:\/\/www.web-korki.pl\/index.php\/zespol\/#webpage","url":"https:\/\/www.web-korki.pl\/index.php\/zespol\/","name":"ZESP\u00d3\u0141 - Fundacja Web-korki","isPartOf":{"@id":"https:\/\/www.web-korki.pl\/#website"},"primaryImageOfPage":{"@id":"https:\/\/www.web-korki.pl\/index.php\/zespol\/#primaryimage"},"datePublished":"2022-01-21T09:39:43+00:00","dateModified":"2026-02-18T22:34:08+00:00","description":"Aktualnie z fundacj\u0105 regularnie wsp\u00f3\u0142pracuje 160\u00a0wolontariuszy, w tym: korepetytor\u00f3w, doradc\u00f3w zawodowych, psycholog\u00f3w.","breadcrumb":{"@id":"https:\/\/www.web-korki.pl\/index.php\/zespol\/#breadcrumb"},"inLanguage":"pl-PL","potentialAction":[{"@type":"ReadAction","target":["https:\/\/www.web-korki.pl\/index.php\/zespol\/"]}]},{"@type":"BreadcrumbList","@id":"https:\/\/www.web-korki.pl\/index.php\/zespol\/#breadcrumb","itemListElement":[{"@type":"ListItem","position":1,"name":"Strona g\u0142\u00f3wna","item":"https:\/\/www.web-korki.pl\/"},{"@type":"ListItem","position":2,"name":"ZESP\u00d3\u0141"}]}]}},"_links":{"self":[{"href":"https:\/\/www.web-korki.pl\/index.php\/wp-json\/wp\/v2\/pages\/228","targetHints":{"allow":["GET"]}}],"collection":[{"href":"https:\/\/www.web-korki.pl\/index.php\/wp-json\/wp\/v2\/pages"}],"about":[{"href":"https:\/\/www.web-korki.pl\/index.php\/wp-json\/wp\/v2\/types\/page"}],"author":[{"embeddable":true,"href":"https:\/\/www.web-korki.pl\/index.php\/wp-json\/wp\/v2\/users\/1"}],"replies":[{"embeddable":true,"href":"https:\/\/www.web-korki.pl\/index.php\/wp-json\/wp\/v2\/comments?post=228"}],"version-history":[{"count":146,"href":"https:\/\/www.web-korki.pl\/index.php\/wp-json\/wp\/v2\/pages\/228\/revisions"}],"predecessor-version":[{"id":1772,"href":"https:\/\/www.web-korki.pl\/index.php\/wp-json\/wp\/v2\/pages\/228\/revisions\/1772"}],"wp:attachment":[{"href":"https:\/\/www.web-korki.pl\/index.php\/wp-json\/wp\/v2\/media?parent=228"}],"curies":[{"name":"wp","href":"https:\/\/api.w.org\/{rel}","templated":true}]}}