{"id":69,"date":"2022-01-16T15:23:40","date_gmt":"2022-01-16T15:23:40","guid":{"rendered":"http:\/\/www.web-korki.pl\/?page_id=69"},"modified":"2025-04-18T06:22:50","modified_gmt":"2025-04-18T06:22:50","slug":"wolontariusze","status":"publish","type":"page","link":"https:\/\/www.web-korki.pl\/index.php\/wolontariusze\/","title":{"rendered":"DLA WOLONTARIUSZY"},"content":{"rendered":"<h3 style=\"text-align: center;\">PROJEKT SPO\u0141ECZNY &#8222;WEB-KORKI&#8221;<\/h3>\n<p style=\"text-align: justify;\">Interesuje Ci\u0119 pomoc online dzieciom o utrudnionym dost\u0119pie do dodatkowej edukacji i chcia\u0142by\u015b(-aby\u015b) po\u015bwi\u0119ci\u0107 1h w tygodniu, aby odmieni\u0107 los jednego z nich?<\/p>\n<p style=\"text-align: justify;\">T\u0142umaczenie r\u00f3\u017cnych zagadnie\u0144 Twoim znajomym sprawia Ci przyjemno\u015b\u0107, cechuje Ci\u0119 wysoka cierpliwo\u015b\u0107 oraz empatia, a do tego szukasz wolontariatu, kt\u00f3ry ma ogromn\u0105 moc, ale nie zabiera wiele czasu?<\/p>\n<p style=\"text-align: justify;\">Je\u015bli na powy\u017csze pytania odpowiedzia\u0142e\u015b(-a\u015b) twierdz\u0105co, \u015bmia\u0142o skontaktuj si\u0119 z nami, a my bardzo ch\u0119tnie Ci\u0119 poznamy!<\/p>\n<p style=\"text-align: justify;\">Celem naszych korepetycji jest przede wszystkim budowanie wiary we w\u0142asne mo\u017cliwo\u015bci u dzieci, kt\u00f3re nie dostrzegaj\u0105 swojego potencja\u0142u.<\/p>\n<p style=\"text-align: justify;\">Wy\u015blij nam wiadomo\u015b\u0107 na <strong><a href=\"https:\/\/www.facebook.com\/webkorki\">Facebooku<\/a><\/strong> z informacj\u0105, \u017ce jeste\u015b zainteresowany(-a) do\u0142\u0105czeniem do nas, podaj\u0105c od razu sw\u00f3j adres email.<\/p>\n<p><img loading=\"lazy\" decoding=\"async\" class=\"alignnone  wp-image-295\" src=\"http:\/\/www.web-korki.pl\/wp-content\/uploads\/2022\/01\/241422844_302273781659505_2359526602901088219_n-1.png\" alt=\"\" width=\"867\" height=\"321\" srcset=\"https:\/\/www.web-korki.pl\/wp-content\/uploads\/2022\/01\/241422844_302273781659505_2359526602901088219_n-1.png 851w, https:\/\/www.web-korki.pl\/wp-content\/uploads\/2022\/01\/241422844_302273781659505_2359526602901088219_n-1-300x111.png 300w, https:\/\/www.web-korki.pl\/wp-content\/uploads\/2022\/01\/241422844_302273781659505_2359526602901088219_n-1-768x284.png 768w\" sizes=\"auto, (max-width: 867px) 100vw, 867px\" \/><\/p>\n<h3 style=\"text-align: center;\">PROGRAM ROZWOJOWY DLA WOLONTARIUSZY<\/h3>\n<p style=\"text-align: left;\">Nie interesuje Ci\u0119 regularna pomoc, a raczej chcia\u0142by\u015b przekaza\u0107 wiedz\u0119 w swojej dziedzinie organizuj\u0105c jednorazowe spotkanie dla naszych wolontariuszy?<\/p>\n<p>A mo\u017ce Twoja firma organizuje szkolenia online lub stacjonarne z danego obszaru?<\/p>\n<p style=\"text-align: justify;\">Je\u015bli chcia\u0142by\u015b(-a\u015b) do\u0142\u0105czy\u0107 do programu rozwojowego dla wolontariuszy i w taki spos\u00f3b przyczyni\u0107 si\u0119 do rozwoju fundacji, zapraszamy do kontaktu: <strong><a href=\"mailto:olga.kotyk@webkorki.pl\">olga.kotyk@webkorki.pl<\/a><\/strong><\/p>\n<p style=\"text-align: justify;\">Je\u017celi chcia\u0142by\u015b(-a\u015b) pomaga\u0107 fundacji w inny spos\u00f3b r\u00f3wnie\u017c czekamy na Twoj\u0105 wiadomo\u015b\u0107 pod tym samym adresem \u263a<\/p>\n<p style=\"text-align: center;\">Napisz do nas!<img loading=\"lazy\" decoding=\"async\" class=\"alignnone  wp-image-281\" src=\"https:\/\/www.web-korki.pl\/wp-content\/uploads\/2022\/01\/1632330137927-1-1024x683.jpeg\" alt=\"\" width=\"783\" height=\"523\" srcset=\"https:\/\/www.web-korki.pl\/wp-content\/uploads\/2022\/01\/1632330137927-1-1024x683.jpeg 1024w, https:\/\/www.web-korki.pl\/wp-content\/uploads\/2022\/01\/1632330137927-1-300x200.jpeg 300w, https:\/\/www.web-korki.pl\/wp-content\/uploads\/2022\/01\/1632330137927-1-768x512.jpeg 768w, https:\/\/www.web-korki.pl\/wp-content\/uploads\/2022\/01\/1632330137927-1-1536x1024.jpeg 1536w, https:\/\/www.web-korki.pl\/wp-content\/uploads\/2022\/01\/1632330137927-1-507x338.jpeg 507w, https:\/\/www.web-korki.pl\/wp-content\/uploads\/2022\/01\/1632330137927-1.jpeg 1567w\" sizes=\"auto, (max-width: 783px) 100vw, 783px\" \/><\/p>\n\n\n<p><\/p>\n","protected":false},"excerpt":{"rendered":"<p>PROJEKT SPO\u0141ECZNY &#8222;WEB-KORKI&#8221; Interesuje Ci\u0119 pomoc online dzieciom o utrudnionym dost\u0119pie do dodatkowej edukacji i chcia\u0142by\u015b(-aby\u015b) po\u015bwi\u0119ci\u0107 1h w tygodniu,<\/p>\n<p><a href=\"https:\/\/www.web-korki.pl\/index.php\/wolontariusze\/\" class=\"more-link\">Zobacz wi\u0119cej<span class=\"screen-reader-text\">DLA WOLONTARIUSZY<\/span><\/a><\/p>\n","protected":false},"author":1,"featured_media":0,"parent":0,"menu_order":0,"comment_status":"closed","ping_status":"closed","template":"","meta":{"footnotes":""},"class_list":["post-69","page","type-page","status-publish","hentry"],"yoast_head":"<!-- This site is optimized with the Yoast SEO plugin v17.9 - https:\/\/yoast.com\/wordpress\/plugins\/seo\/ -->\n<title>DLA WOLONTARIUSZY - Fundacja Web-korki<\/title>\n<meta name=\"description\" content=\"Interesuje Ci\u0119 pomoc online dzieciom o utrudnionym dost\u0119pie do dodatkowej edukacji, aby odmieni\u0107 los jednego z nich?\" \/>\n<meta name=\"robots\" content=\"index, follow, max-snippet:-1, max-image-preview:large, max-video-preview:-1\" \/>\n<link rel=\"canonical\" href=\"https:\/\/www.web-korki.pl\/index.php\/wolontariusze\/\" \/>\n<meta property=\"og:locale\" content=\"pl_PL\" \/>\n<meta property=\"og:type\" content=\"article\" \/>\n<meta property=\"og:title\" content=\"DLA WOLONTARIUSZY - Fundacja Web-korki\" \/>\n<meta property=\"og:description\" content=\"Interesuje Ci\u0119 pomoc online dzieciom o utrudnionym dost\u0119pie do dodatkowej edukacji, aby odmieni\u0107 los jednego z nich?\" \/>\n<meta property=\"og:url\" content=\"https:\/\/www.web-korki.pl\/index.php\/wolontariusze\/\" \/>\n<meta property=\"og:site_name\" content=\"Fundacja Web-korki\" \/>\n<meta property=\"article:modified_time\" content=\"2025-04-18T06:22:50+00:00\" \/>\n<meta property=\"og:image\" content=\"http:\/\/www.web-korki.pl\/wp-content\/uploads\/2022\/01\/241422844_302273781659505_2359526602901088219_n-1.png\" \/>\n<meta name=\"twitter:card\" content=\"summary_large_image\" \/>\n<meta name=\"twitter:label1\" content=\"Szacowany czas czytania\" \/>\n\t<meta name=\"twitter:data1\" content=\"2 minuty\" \/>\n<script type=\"application\/ld+json\" class=\"yoast-schema-graph\">{\"@context\":\"https:\/\/schema.org\",\"@graph\":[{\"@type\":\"WebSite\",\"@id\":\"https:\/\/www.web-korki.pl\/#website\",\"url\":\"https:\/\/www.web-korki.pl\/\",\"name\":\"Fundacja Web-korki\",\"description\":\"PODARUJMY DZIECIOM SW\\u00d3J CZAS\",\"potentialAction\":[{\"@type\":\"SearchAction\",\"target\":{\"@type\":\"EntryPoint\",\"urlTemplate\":\"https:\/\/www.web-korki.pl\/?s={search_term_string}\"},\"query-input\":\"required name=search_term_string\"}],\"inLanguage\":\"pl-PL\"},{\"@type\":\"ImageObject\",\"@id\":\"https:\/\/www.web-korki.pl\/index.php\/wolontariusze\/#primaryimage\",\"inLanguage\":\"pl-PL\",\"url\":\"http:\/\/www.web-korki.pl\/wp-content\/uploads\/2022\/01\/241422844_302273781659505_2359526602901088219_n-1.png\",\"contentUrl\":\"http:\/\/www.web-korki.pl\/wp-content\/uploads\/2022\/01\/241422844_302273781659505_2359526602901088219_n-1.png\"},{\"@type\":\"WebPage\",\"@id\":\"https:\/\/www.web-korki.pl\/index.php\/wolontariusze\/#webpage\",\"url\":\"https:\/\/www.web-korki.pl\/index.php\/wolontariusze\/\",\"name\":\"DLA WOLONTARIUSZY - Fundacja Web-korki\",\"isPartOf\":{\"@id\":\"https:\/\/www.web-korki.pl\/#website\"},\"primaryImageOfPage\":{\"@id\":\"https:\/\/www.web-korki.pl\/index.php\/wolontariusze\/#primaryimage\"},\"datePublished\":\"2022-01-16T15:23:40+00:00\",\"dateModified\":\"2025-04-18T06:22:50+00:00\",\"description\":\"Interesuje Ci\\u0119 pomoc online dzieciom o utrudnionym dost\\u0119pie do dodatkowej edukacji, aby odmieni\\u0107 los jednego z nich?\",\"breadcrumb\":{\"@id\":\"https:\/\/www.web-korki.pl\/index.php\/wolontariusze\/#breadcrumb\"},\"inLanguage\":\"pl-PL\",\"potentialAction\":[{\"@type\":\"ReadAction\",\"target\":[\"https:\/\/www.web-korki.pl\/index.php\/wolontariusze\/\"]}]},{\"@type\":\"BreadcrumbList\",\"@id\":\"https:\/\/www.web-korki.pl\/index.php\/wolontariusze\/#breadcrumb\",\"itemListElement\":[{\"@type\":\"ListItem\",\"position\":1,\"name\":\"Strona g\\u0142\\u00f3wna\",\"item\":\"https:\/\/www.web-korki.pl\/\"},{\"@type\":\"ListItem\",\"position\":2,\"name\":\"DLA WOLONTARIUSZY\"}]}]}<\/script>\n<!-- \/ Yoast SEO plugin. -->","yoast_head_json":{"title":"DLA WOLONTARIUSZY - Fundacja Web-korki","description":"Interesuje Ci\u0119 pomoc online dzieciom o utrudnionym dost\u0119pie do dodatkowej edukacji, aby odmieni\u0107 los jednego z nich?","robots":{"index":"index","follow":"follow","max-snippet":"max-snippet:-1","max-image-preview":"max-image-preview:large","max-video-preview":"max-video-preview:-1"},"canonical":"https:\/\/www.web-korki.pl\/index.php\/wolontariusze\/","og_locale":"pl_PL","og_type":"article","og_title":"DLA WOLONTARIUSZY - Fundacja Web-korki","og_description":"Interesuje Ci\u0119 pomoc online dzieciom o utrudnionym dost\u0119pie do dodatkowej edukacji, aby odmieni\u0107 los jednego z nich?","og_url":"https:\/\/www.web-korki.pl\/index.php\/wolontariusze\/","og_site_name":"Fundacja Web-korki","article_modified_time":"2025-04-18T06:22:50+00:00","og_image":[{"url":"http:\/\/www.web-korki.pl\/wp-content\/uploads\/2022\/01\/241422844_302273781659505_2359526602901088219_n-1.png"}],"twitter_card":"summary_large_image","twitter_misc":{"Szacowany czas czytania":"2 minuty"},"schema":{"@context":"https:\/\/schema.org","@graph":[{"@type":"WebSite","@id":"https:\/\/www.web-korki.pl\/#website","url":"https:\/\/www.web-korki.pl\/","name":"Fundacja Web-korki","description":"PODARUJMY DZIECIOM SW\u00d3J CZAS","potentialAction":[{"@type":"SearchAction","target":{"@type":"EntryPoint","urlTemplate":"https:\/\/www.web-korki.pl\/?s={search_term_string}"},"query-input":"required name=search_term_string"}],"inLanguage":"pl-PL"},{"@type":"ImageObject","@id":"https:\/\/www.web-korki.pl\/index.php\/wolontariusze\/#primaryimage","inLanguage":"pl-PL","url":"http:\/\/www.web-korki.pl\/wp-content\/uploads\/2022\/01\/241422844_302273781659505_2359526602901088219_n-1.png","contentUrl":"http:\/\/www.web-korki.pl\/wp-content\/uploads\/2022\/01\/241422844_302273781659505_2359526602901088219_n-1.png"},{"@type":"WebPage","@id":"https:\/\/www.web-korki.pl\/index.php\/wolontariusze\/#webpage","url":"https:\/\/www.web-korki.pl\/index.php\/wolontariusze\/","name":"DLA WOLONTARIUSZY - Fundacja Web-korki","isPartOf":{"@id":"https:\/\/www.web-korki.pl\/#website"},"primaryImageOfPage":{"@id":"https:\/\/www.web-korki.pl\/index.php\/wolontariusze\/#primaryimage"},"datePublished":"2022-01-16T15:23:40+00:00","dateModified":"2025-04-18T06:22:50+00:00","description":"Interesuje Ci\u0119 pomoc online dzieciom o utrudnionym dost\u0119pie do dodatkowej edukacji, aby odmieni\u0107 los jednego z nich?","breadcrumb":{"@id":"https:\/\/www.web-korki.pl\/index.php\/wolontariusze\/#breadcrumb"},"inLanguage":"pl-PL","potentialAction":[{"@type":"ReadAction","target":["https:\/\/www.web-korki.pl\/index.php\/wolontariusze\/"]}]},{"@type":"BreadcrumbList","@id":"https:\/\/www.web-korki.pl\/index.php\/wolontariusze\/#breadcrumb","itemListElement":[{"@type":"ListItem","position":1,"name":"Strona g\u0142\u00f3wna","item":"https:\/\/www.web-korki.pl\/"},{"@type":"ListItem","position":2,"name":"DLA WOLONTARIUSZY"}]}]}},"_links":{"self":[{"href":"https:\/\/www.web-korki.pl\/index.php\/wp-json\/wp\/v2\/pages\/69","targetHints":{"allow":["GET"]}}],"collection":[{"href":"https:\/\/www.web-korki.pl\/index.php\/wp-json\/wp\/v2\/pages"}],"about":[{"href":"https:\/\/www.web-korki.pl\/index.php\/wp-json\/wp\/v2\/types\/page"}],"author":[{"embeddable":true,"href":"https:\/\/www.web-korki.pl\/index.php\/wp-json\/wp\/v2\/users\/1"}],"replies":[{"embeddable":true,"href":"https:\/\/www.web-korki.pl\/index.php\/wp-json\/wp\/v2\/comments?post=69"}],"version-history":[{"count":24,"href":"https:\/\/www.web-korki.pl\/index.php\/wp-json\/wp\/v2\/pages\/69\/revisions"}],"predecessor-version":[{"id":1535,"href":"https:\/\/www.web-korki.pl\/index.php\/wp-json\/wp\/v2\/pages\/69\/revisions\/1535"}],"wp:attachment":[{"href":"https:\/\/www.web-korki.pl\/index.php\/wp-json\/wp\/v2\/media?parent=69"}],"curies":[{"name":"wp","href":"https:\/\/api.w.org\/{rel}","templated":true}]}}