{"id":71,"date":"2022-01-16T15:23:51","date_gmt":"2022-01-16T15:23:51","guid":{"rendered":"http:\/\/www.web-korki.pl\/?page_id=71"},"modified":"2025-04-18T18:23:17","modified_gmt":"2025-04-18T18:23:17","slug":"dla-firm","status":"publish","type":"page","link":"https:\/\/www.web-korki.pl\/index.php\/dla-firm\/","title":{"rendered":"DLA FIRM"},"content":{"rendered":"<p class=\"special\" style=\"text-align: center;\"><b>POKA\u017b \u015aWIATU, \u017bE TWOJA FIRMA MA WA\u017bN\u0104 MISJ\u0118!<\/b><\/p>\n<p style=\"text-align: justify;\">Podczas zgromadzenia og\u00f3lnego 25 wrze\u015bnia 2015 roku w Nowym Jorku, <b>Agenda na rzecz zr\u00f3wnowa\u017conego rozwoju 2030<\/b> zawieraj\u0105ca 17 Cel\u00f3w Zr\u00f3wnowa\u017conego Rozwoju zosta\u0142a przyj\u0119ta przez wszystkie 193 pa\u0144stwa cz\u0142onkowskie ONZ.<\/p>\n<p style=\"text-align: justify;\">Reprezentujesz firm\u0119, dla kt\u00f3rej czwarty Cel Zr\u00f3wnowa\u017conego Rozwoju (Dobra jako\u015b\u0107 edukacji) jest wa\u017cny? Chcia\u0142by\u015b(-a\u015b) wp\u0142yn\u0105\u0107 na lepsze postrzeganie swojej marki, a tym samym mie\u0107 realny wp\u0142yw na zwi\u0119kszenie dost\u0119pu do dodatkowej edukacji dla dzieci z dom\u00f3w dziecka oraz pieczy zast\u0119pczej?<\/p>\n<p style=\"text-align: justify;\">Bardzo ch\u0119tnie nawi\u0105zujemy wsp\u00f3\u0142prac\u0119 z markami, kt\u00f3re maj\u0105 taki sam cel jak nasza fundacja. Wierzymy, \u017ce dzi\u0119ki takiej wsp\u00f3\u0142pracy mo\u017cemy dotrze\u0107 do jeszcze wi\u0119kszego grona odbiorc\u00f3w, a marki nas wspieraj\u0105ce uzyska\u0107 miano marek odpowiedzialnych spo\u0142ecznie.<\/p>\n<p class=\"special\" style=\"text-align: center;\"><b>DLACZEGO WARTO Z NAMI DZIA\u0141A\u0106?<\/b><\/p>\n<ul>\n<li>Masz realny wp\u0142yw na edukacj\u0119 dzieci z dom\u00f3w dziecka i pieczy zast\u0119pczej,<\/li>\n<li>Stajesz si\u0119 mark\u0105 odpowiedzialn\u0105 spo\u0142ecznie,<\/li>\n<li>Mo\u017cesz sta\u0107 si\u0119 atrakcyjniejsz\u0105 mark\u0105 w oczach klient\u00f3w oraz pracownik\u00f3w.<\/li>\n<\/ul>\n<p>Skontaktuj si\u0119 z nami, wysy\u0142aj\u0105c maila na adres <span style=\"color: #000080;\"><a style=\"color: #000080;\" href=\"mailto:olga.kotyk@webkorki.pl\"><b>olga.kotyk@webkorki.pl<\/b><\/a><\/span><\/p>\n\n\n<figure class=\"wp-block-image size-large\"><img loading=\"lazy\" decoding=\"async\" width=\"1024\" height=\"768\" src=\"http:\/\/www.web-korki.pl\/wp-content\/uploads\/2022\/01\/D661E20C-8000-4F3B-B4C1-BF4A24FACCF5-1-1024x768.jpeg\" alt=\"\" class=\"wp-image-290\" srcset=\"https:\/\/www.web-korki.pl\/wp-content\/uploads\/2022\/01\/D661E20C-8000-4F3B-B4C1-BF4A24FACCF5-1-1024x768.jpeg 1024w, https:\/\/www.web-korki.pl\/wp-content\/uploads\/2022\/01\/D661E20C-8000-4F3B-B4C1-BF4A24FACCF5-1-300x225.jpeg 300w, https:\/\/www.web-korki.pl\/wp-content\/uploads\/2022\/01\/D661E20C-8000-4F3B-B4C1-BF4A24FACCF5-1-768x576.jpeg 768w, https:\/\/www.web-korki.pl\/wp-content\/uploads\/2022\/01\/D661E20C-8000-4F3B-B4C1-BF4A24FACCF5-1-1536x1152.jpeg 1536w, https:\/\/www.web-korki.pl\/wp-content\/uploads\/2022\/01\/D661E20C-8000-4F3B-B4C1-BF4A24FACCF5-1-2048x1536.jpeg 2048w, https:\/\/www.web-korki.pl\/wp-content\/uploads\/2022\/01\/D661E20C-8000-4F3B-B4C1-BF4A24FACCF5-1-440x330.jpeg 440w, https:\/\/www.web-korki.pl\/wp-content\/uploads\/2022\/01\/D661E20C-8000-4F3B-B4C1-BF4A24FACCF5-1-920x690.jpeg 920w\" sizes=\"auto, (max-width: 1024px) 100vw, 1024px\" \/><\/figure>\n\n\n\n<h2 class=\"has-text-align-center wp-block-heading\">Firmy, kt\u00f3re nas wspieraj\u0105<\/h2>\n\n\n<style id=\"wp_carousel_dynamic_css1541\">#sp-wp-carousel-free-id-1541 .wpcp-swiper-dots {margin: 40px 0px 0px 0px;}.wpcp-wrapper-1541 .swiper-wrapper .swiper-slide-kenburn, .wpcp-wrapper-1541 .swiper-wrapper, .wpcp-wrapper-1541 .wpcpro-row{align-items: center;}#sp-wp-carousel-free-id-1541 .wpcp-single-item {box-shadow: 0px 0px 0px 0px #dddddd;transition: all .3s;margin: 0px;}#sp-wp-carousel-free-id-1541.swiper-flip .wpcp-single-item{margin: 0!important;}#sp-wp-carousel-free-id-1541 .wpcp-single-item:hover {box-shadow: 0px 0px 0px 0px #dddddd;}#sp-wp-carousel-free-id-1541.sp-wpcp-1541 .wpcp-single-item {border: 1px solid #dddddd;}#sp-wp-carousel-free-id-1541.sp-wpcp-1541 .wpcp-swiper-dots .swiper-pagination-bullet {background-color: #cccccc;}#sp-wp-carousel-free-id-1541.sp-wpcp-1541 .wpcp-swiper-dots .swiper-pagination-bullet.swiper-pagination-bullet-active {background-color: #178087;} #sp-wp-carousel-free-id-1541.sp-wpcp-1541.wpcp-image-carousel .wpcp-single-item:hover img, #sp-wp-carousel-free-id-1541.sp-wpcp-1541.wpcp-post-carousel .wpcp-single-item:hover img, #sp-wp-carousel-free-id-1541.sp-wpcp-1541.wpcp-product-carousel .wpcp-single-item:hover img{-webkit-transform: scale(1.2);-moz-transform: scale(1.2);transform: scale(1.2);}#sp-wp-carousel-free-id-1541.nav-vertical-center {padding: 0;margin:0;}#sp-wp-carousel-free-id-1541 .wpcpro-row>[class*=\"wpcpro-col-\"] { padding: 0 10px; padding-bottom: 20px;} #sp-wp-carousel-free-id-1541 .swiper-slide .single-item-fade:not(:last-child) { margin-right: 20px;}@media (min-width: 480px) { .wpcpro-row .wpcpro-col-sm-1 { flex: 0 0 100%; max-width: 100%; } .wpcpro-row .wpcpro-col-sm-2 { flex: 0 0 50%; max-width: 50%; } .wpcpro-row .wpcpro-col-sm-2-5 { flex: 0 0 75%; max-width: 75%; } .wpcpro-row .wpcpro-col-sm-3 { flex: 0 0 33.333%; max-width: 33.333%; } .wpcpro-row .wpcpro-col-sm-4 { flex: 0 0 25%; max-width: 25%; } .wpcpro-row .wpcpro-col-sm-5 { flex: 0 0 20%; max-width: 20%; } .wpcpro-row .wpcpro-col-sm-6 { flex: 0 0 16.66666666666667%; max-width: 16.66666666666667%; } .wpcpro-row .wpcpro-col-sm-7 { flex: 0 0 14.28571428%; max-width: 14.28571428%; } .wpcpro-row .wpcpro-col-sm-8 { flex: 0 0 12.5%; max-width: 12.5%; } } @media (max-width: 480px) { .wpcpro-row .wpcpro-col-xs-1 { flex: 0 0 100%; max-width: 100%; } .wpcpro-row .wpcpro-col-xs-2 { flex: 0 0 50%; max-width: 50%; } .wpcpro-row .wpcpro-col-xs-3 { flex: 0 0 33.222%; max-width: 33.222%; } .wpcpro-row .wpcpro-col-xs-4 { flex: 0 0 25%; max-width: 25%; } .wpcpro-row .wpcpro-col-xs-5 { flex: 0 0 20%; max-width: 20%; } .wpcpro-row .wpcpro-col-xs-6 { flex: 0 0 16.6667%; max-width: 16.6667%; } .wpcpro-row .wpcpro-col-xs-7 { flex: 0 0 14.28571428%; max-width: 14.28571428%; } .wpcpro-row .wpcpro-col-xs-8 { flex: 0 0 12.5%; max-width: 12.5%; } } @media (min-width: 736px) { .wpcpro-row .wpcpro-col-md-1 { flex: 0 0 100%; max-width: 100%; } .wpcpro-row .wpcpro-col-md-2 { flex: 0 0 50%; max-width: 50%; } .wpcpro-row .wpcpro-col-md-2-5 { flex: 0 0 75%; max-width: 75%; } .wpcpro-row .wpcpro-col-md-3 { flex: 0 0 33.333%; max-width: 33.333%; } .wpcpro-row .wpcpro-col-md-4 { flex: 0 0 25%; max-width: 25%; } .wpcpro-row .wpcpro-col-md-5 { flex: 0 0 20%; max-width: 20%; } .wpcpro-row .wpcpro-col-md-6 { flex: 0 0 16.66666666666667%; max-width: 16.66666666666667%; } .wpcpro-row .wpcpro-col-md-7 { flex: 0 0 14.28571428%; max-width: 14.28571428%; } .wpcpro-row .wpcpro-col-md-8 { flex: 0 0 12.5%; max-width: 12.5%; } } @media (min-width: 980px) { .wpcpro-row .wpcpro-col-lg-1 { flex: 0 0 100%; max-width: 100%; } .wpcpro-row .wpcpro-col-lg-2 { flex: 0 0 50%; max-width: 50%; } .wpcpro-row .wpcpro-col-lg-3 { flex: 0 0 33.222%; max-width: 33.222%; } .wpcpro-row .wpcpro-col-lg-4 { flex: 0 0 25%; max-width: 25%; } .wpcpro-row .wpcpro-col-lg-5 { flex: 0 0 20%; max-width: 20%; } .wpcpro-row .wpcpro-col-lg-6 { flex: 0 0 16.6667%; max-width: 16.6667%; } .wpcpro-row .wpcpro-col-lg-7 { flex: 0 0 14.28571428%; max-width: 14.28571428%; } .wpcpro-row .wpcpro-col-lg-8 { flex: 0 0 12.5%; max-width: 12.5%; } } @media (min-width: 1200px) { .wpcpro-row .wpcpro-col-xl-1 { flex: 0 0 100%; max-width: 100%; } .wpcpro-row .wpcpro-col-xl-2 { flex: 0 0 50%; max-width: 50%; } .wpcpro-row .wpcpro-col-xl-3 { flex: 0 0 33.22222222%; max-width: 33.22222222%; } .wpcpro-row .wpcpro-col-xl-4 { flex: 0 0 25%; max-width: 25%; } .wpcpro-row .wpcpro-col-xl-5 { flex: 0 0 20%; max-width: 20%; } .wpcpro-row .wpcpro-col-xl-6 { flex: 0 0 16.66667%; max-width: 16.66667%; } .wpcpro-row .wpcpro-col-xl-7 { flex: 0 0 14.28571428%; max-width: 14.28571428%; } .wpcpro-row .wpcpro-col-xl-8 { flex: 0 0 12.5%; max-width: 12.5%; } }<\/style><div class=\"wpcp-carousel-wrapper wpcp-wrapper-1541\">\n\t<div id=\"wpcp-preloader-1541\" class=\"wpcp-carousel-preloader\"><img decoding=\"async\" src=\"https:\/\/www.web-korki.pl\/wp-content\/plugins\/wp-carousel-free\/public\/css\/spinner.svg\" alt=\"Preloader Image\" \/><\/div>\t<div class=\"wpcp-carousel-content-wrapper\">\n\t<div id=\"sp-wp-carousel-free-id-1541\" class=\"wpcp-carousel-section sp-wpcp-1541  nav-vertical-center wpcp-image-carousel wpcp-preloader wpcp-standard\" data-swiper='{ &quot;accessibility&quot;:true, &quot;spaceBetween&quot;:20, &quot;arrows&quot;:false, &quot;freeMode&quot;: false, &quot;autoplay&quot;:true, &quot;effect&quot;: &quot;slide&quot;, &quot;centerMode&quot;: false, &quot;autoplaySpeed&quot;:1000, &quot;dots&quot;:true, &quot;infinite&quot;:true, &quot;speed&quot;:600, &quot;pauseOnHover&quot;:true,\n\t\t\t&quot;slidesToShow&quot;:{&quot;lg_desktop&quot;:3, &quot;desktop&quot;: 3, &quot;laptop&quot;: 3, &quot;tablet&quot;: 2, &quot;mobile&quot;: 1}, &quot;responsive&quot;:{&quot;desktop&quot;:1200, &quot;laptop&quot;: 980, &quot;tablet&quot;: 736, &quot;mobile&quot;: 480}, &quot;rtl&quot;:false, &quot;lazyLoad&quot;: &quot;false&quot;, &quot;swipe&quot;: true, &quot;draggable&quot;: true, &quot;swipeToSlide&quot;:true }' dir=\"ltr\">\n\t\t<div class=\"swiper-wrapper\">\n\t\t<div class=\"swiper-slide\">\n\t<div class=\"wpcp-single-item\">\n\t\t\t<div class=\"wpcp-slide-image\">\n\t\t<img loading=\"lazy\" decoding=\"async\" class=\"skip-lazy\" src=\"https:\/\/www.web-korki.pl\/wp-content\/uploads\/2024\/11\/IMG_1319.jpg\" alt=\"IMG_1319\" width=\"600\" height=\"600\">\t<\/div>\n\t\t<\/div>\n<\/div>\n\t<div class=\"swiper-slide\">\n\t<div class=\"wpcp-single-item\">\n\t\t\t<div class=\"wpcp-slide-image\">\n\t\t<img loading=\"lazy\" decoding=\"async\" class=\"skip-lazy\" src=\"https:\/\/www.web-korki.pl\/wp-content\/uploads\/2023\/11\/pobrane-1.png\" alt=\"pobrane\" width=\"317\" height=\"149\">\t<\/div>\n\t\t<\/div>\n<\/div>\n\t<div class=\"swiper-slide\">\n\t<div class=\"wpcp-single-item\">\n\t\t\t<div class=\"wpcp-slide-image\">\n\t\t<img loading=\"lazy\" decoding=\"async\" class=\"skip-lazy\" src=\"https:\/\/www.web-korki.pl\/wp-content\/uploads\/2023\/11\/405488057_672400354883384_3568764606525885541_n-1.jpg\" alt=\"405488057_672400354883384_3568764606525885541_n\" width=\"1313\" height=\"981\">\t<\/div>\n\t\t<\/div>\n<\/div>\n\t<div class=\"swiper-slide\">\n\t<div class=\"wpcp-single-item\">\n\t\t\t<div class=\"wpcp-slide-image\">\n\t\t<img loading=\"lazy\" decoding=\"async\" class=\"skip-lazy\" src=\"https:\/\/www.web-korki.pl\/wp-content\/uploads\/2023\/11\/400645707_726959419456995_6896702198955530099_n.jpg\" alt=\"400645707_726959419456995_6896702198955530099_n\" width=\"914\" height=\"373\">\t<\/div>\n\t\t<\/div>\n<\/div>\n\t\t\t<\/div>\n\t\t\t\t\t<div class=\"wpcp-swiper-dots swiper-pagination\"><\/div>\n\t\t\t\t<!-- If we need navigation buttons -->\n\t\t\t<\/div>\n\t<\/div>\n<\/div>\n\n","protected":false},"excerpt":{"rendered":"<p>POKA\u017b \u015aWIATU, \u017bE TWOJA FIRMA MA WA\u017bN\u0104 MISJ\u0118! Podczas zgromadzenia og\u00f3lnego 25 wrze\u015bnia 2015 roku w Nowym Jorku, Agenda na<\/p>\n<p><a href=\"https:\/\/www.web-korki.pl\/index.php\/dla-firm\/\" class=\"more-link\">Zobacz wi\u0119cej<span class=\"screen-reader-text\">DLA FIRM<\/span><\/a><\/p>\n","protected":false},"author":1,"featured_media":0,"parent":0,"menu_order":0,"comment_status":"closed","ping_status":"closed","template":"","meta":{"footnotes":""},"class_list":["post-71","page","type-page","status-publish","hentry"],"yoast_head":"<!-- This site is optimized with the Yoast SEO plugin v17.9 - https:\/\/yoast.com\/wordpress\/plugins\/seo\/ -->\n<title>DLA FIRM - Fundacja Web-korki<\/title>\n<meta name=\"description\" content=\"Bardzo ch\u0119tnie nawi\u0105zujemy wsp\u00f3\u0142prac\u0119 z Fundacja. Wierzymy, \u017ce wspieraj\u0105c nas mo\u017cna sta\u0107 si\u0119 mark\u0105 odpowiedzialnych spo\u0142ecznie.\" \/>\n<meta name=\"robots\" content=\"index, follow, max-snippet:-1, max-image-preview:large, max-video-preview:-1\" \/>\n<link rel=\"canonical\" href=\"https:\/\/www.web-korki.pl\/index.php\/dla-firm\/\" \/>\n<meta property=\"og:locale\" content=\"pl_PL\" \/>\n<meta property=\"og:type\" content=\"article\" \/>\n<meta property=\"og:title\" content=\"DLA FIRM - Fundacja Web-korki\" \/>\n<meta property=\"og:description\" content=\"Bardzo ch\u0119tnie nawi\u0105zujemy wsp\u00f3\u0142prac\u0119 z Fundacja. Wierzymy, \u017ce wspieraj\u0105c nas mo\u017cna sta\u0107 si\u0119 mark\u0105 odpowiedzialnych spo\u0142ecznie.\" \/>\n<meta property=\"og:url\" content=\"https:\/\/www.web-korki.pl\/index.php\/dla-firm\/\" \/>\n<meta property=\"og:site_name\" content=\"Fundacja Web-korki\" \/>\n<meta property=\"article:modified_time\" content=\"2025-04-18T18:23:17+00:00\" \/>\n<meta property=\"og:image\" content=\"http:\/\/www.web-korki.pl\/wp-content\/uploads\/2022\/01\/D661E20C-8000-4F3B-B4C1-BF4A24FACCF5-1-1024x768.jpeg\" \/>\n<meta name=\"twitter:card\" content=\"summary_large_image\" \/>\n<meta name=\"twitter:label1\" content=\"Szacowany czas czytania\" \/>\n\t<meta name=\"twitter:data1\" content=\"2 minuty\" \/>\n<script type=\"application\/ld+json\" class=\"yoast-schema-graph\">{\"@context\":\"https:\/\/schema.org\",\"@graph\":[{\"@type\":\"WebSite\",\"@id\":\"https:\/\/www.web-korki.pl\/#website\",\"url\":\"https:\/\/www.web-korki.pl\/\",\"name\":\"Fundacja Web-korki\",\"description\":\"PODARUJMY DZIECIOM SW\\u00d3J CZAS\",\"potentialAction\":[{\"@type\":\"SearchAction\",\"target\":{\"@type\":\"EntryPoint\",\"urlTemplate\":\"https:\/\/www.web-korki.pl\/?s={search_term_string}\"},\"query-input\":\"required name=search_term_string\"}],\"inLanguage\":\"pl-PL\"},{\"@type\":\"ImageObject\",\"@id\":\"https:\/\/www.web-korki.pl\/index.php\/dla-firm\/#primaryimage\",\"inLanguage\":\"pl-PL\",\"url\":\"http:\/\/www.web-korki.pl\/wp-content\/uploads\/2022\/01\/D661E20C-8000-4F3B-B4C1-BF4A24FACCF5-1-1024x768.jpeg\",\"contentUrl\":\"http:\/\/www.web-korki.pl\/wp-content\/uploads\/2022\/01\/D661E20C-8000-4F3B-B4C1-BF4A24FACCF5-1-1024x768.jpeg\"},{\"@type\":\"WebPage\",\"@id\":\"https:\/\/www.web-korki.pl\/index.php\/dla-firm\/#webpage\",\"url\":\"https:\/\/www.web-korki.pl\/index.php\/dla-firm\/\",\"name\":\"DLA FIRM - Fundacja Web-korki\",\"isPartOf\":{\"@id\":\"https:\/\/www.web-korki.pl\/#website\"},\"primaryImageOfPage\":{\"@id\":\"https:\/\/www.web-korki.pl\/index.php\/dla-firm\/#primaryimage\"},\"datePublished\":\"2022-01-16T15:23:51+00:00\",\"dateModified\":\"2025-04-18T18:23:17+00:00\",\"description\":\"Bardzo ch\\u0119tnie nawi\\u0105zujemy wsp\\u00f3\\u0142prac\\u0119 z Fundacja. Wierzymy, \\u017ce wspieraj\\u0105c nas mo\\u017cna sta\\u0107 si\\u0119 mark\\u0105 odpowiedzialnych spo\\u0142ecznie.\",\"breadcrumb\":{\"@id\":\"https:\/\/www.web-korki.pl\/index.php\/dla-firm\/#breadcrumb\"},\"inLanguage\":\"pl-PL\",\"potentialAction\":[{\"@type\":\"ReadAction\",\"target\":[\"https:\/\/www.web-korki.pl\/index.php\/dla-firm\/\"]}]},{\"@type\":\"BreadcrumbList\",\"@id\":\"https:\/\/www.web-korki.pl\/index.php\/dla-firm\/#breadcrumb\",\"itemListElement\":[{\"@type\":\"ListItem\",\"position\":1,\"name\":\"Strona g\\u0142\\u00f3wna\",\"item\":\"https:\/\/www.web-korki.pl\/\"},{\"@type\":\"ListItem\",\"position\":2,\"name\":\"DLA FIRM\"}]}]}<\/script>\n<!-- \/ Yoast SEO plugin. -->","yoast_head_json":{"title":"DLA FIRM - Fundacja Web-korki","description":"Bardzo ch\u0119tnie nawi\u0105zujemy wsp\u00f3\u0142prac\u0119 z Fundacja. Wierzymy, \u017ce wspieraj\u0105c nas mo\u017cna sta\u0107 si\u0119 mark\u0105 odpowiedzialnych spo\u0142ecznie.","robots":{"index":"index","follow":"follow","max-snippet":"max-snippet:-1","max-image-preview":"max-image-preview:large","max-video-preview":"max-video-preview:-1"},"canonical":"https:\/\/www.web-korki.pl\/index.php\/dla-firm\/","og_locale":"pl_PL","og_type":"article","og_title":"DLA FIRM - Fundacja Web-korki","og_description":"Bardzo ch\u0119tnie nawi\u0105zujemy wsp\u00f3\u0142prac\u0119 z Fundacja. Wierzymy, \u017ce wspieraj\u0105c nas mo\u017cna sta\u0107 si\u0119 mark\u0105 odpowiedzialnych spo\u0142ecznie.","og_url":"https:\/\/www.web-korki.pl\/index.php\/dla-firm\/","og_site_name":"Fundacja Web-korki","article_modified_time":"2025-04-18T18:23:17+00:00","og_image":[{"url":"http:\/\/www.web-korki.pl\/wp-content\/uploads\/2022\/01\/D661E20C-8000-4F3B-B4C1-BF4A24FACCF5-1-1024x768.jpeg"}],"twitter_card":"summary_large_image","twitter_misc":{"Szacowany czas czytania":"2 minuty"},"schema":{"@context":"https:\/\/schema.org","@graph":[{"@type":"WebSite","@id":"https:\/\/www.web-korki.pl\/#website","url":"https:\/\/www.web-korki.pl\/","name":"Fundacja Web-korki","description":"PODARUJMY DZIECIOM SW\u00d3J CZAS","potentialAction":[{"@type":"SearchAction","target":{"@type":"EntryPoint","urlTemplate":"https:\/\/www.web-korki.pl\/?s={search_term_string}"},"query-input":"required name=search_term_string"}],"inLanguage":"pl-PL"},{"@type":"ImageObject","@id":"https:\/\/www.web-korki.pl\/index.php\/dla-firm\/#primaryimage","inLanguage":"pl-PL","url":"http:\/\/www.web-korki.pl\/wp-content\/uploads\/2022\/01\/D661E20C-8000-4F3B-B4C1-BF4A24FACCF5-1-1024x768.jpeg","contentUrl":"http:\/\/www.web-korki.pl\/wp-content\/uploads\/2022\/01\/D661E20C-8000-4F3B-B4C1-BF4A24FACCF5-1-1024x768.jpeg"},{"@type":"WebPage","@id":"https:\/\/www.web-korki.pl\/index.php\/dla-firm\/#webpage","url":"https:\/\/www.web-korki.pl\/index.php\/dla-firm\/","name":"DLA FIRM - Fundacja Web-korki","isPartOf":{"@id":"https:\/\/www.web-korki.pl\/#website"},"primaryImageOfPage":{"@id":"https:\/\/www.web-korki.pl\/index.php\/dla-firm\/#primaryimage"},"datePublished":"2022-01-16T15:23:51+00:00","dateModified":"2025-04-18T18:23:17+00:00","description":"Bardzo ch\u0119tnie nawi\u0105zujemy wsp\u00f3\u0142prac\u0119 z Fundacja. Wierzymy, \u017ce wspieraj\u0105c nas mo\u017cna sta\u0107 si\u0119 mark\u0105 odpowiedzialnych spo\u0142ecznie.","breadcrumb":{"@id":"https:\/\/www.web-korki.pl\/index.php\/dla-firm\/#breadcrumb"},"inLanguage":"pl-PL","potentialAction":[{"@type":"ReadAction","target":["https:\/\/www.web-korki.pl\/index.php\/dla-firm\/"]}]},{"@type":"BreadcrumbList","@id":"https:\/\/www.web-korki.pl\/index.php\/dla-firm\/#breadcrumb","itemListElement":[{"@type":"ListItem","position":1,"name":"Strona g\u0142\u00f3wna","item":"https:\/\/www.web-korki.pl\/"},{"@type":"ListItem","position":2,"name":"DLA FIRM"}]}]}},"_links":{"self":[{"href":"https:\/\/www.web-korki.pl\/index.php\/wp-json\/wp\/v2\/pages\/71","targetHints":{"allow":["GET"]}}],"collection":[{"href":"https:\/\/www.web-korki.pl\/index.php\/wp-json\/wp\/v2\/pages"}],"about":[{"href":"https:\/\/www.web-korki.pl\/index.php\/wp-json\/wp\/v2\/types\/page"}],"author":[{"embeddable":true,"href":"https:\/\/www.web-korki.pl\/index.php\/wp-json\/wp\/v2\/users\/1"}],"replies":[{"embeddable":true,"href":"https:\/\/www.web-korki.pl\/index.php\/wp-json\/wp\/v2\/comments?post=71"}],"version-history":[{"count":24,"href":"https:\/\/www.web-korki.pl\/index.php\/wp-json\/wp\/v2\/pages\/71\/revisions"}],"predecessor-version":[{"id":1545,"href":"https:\/\/www.web-korki.pl\/index.php\/wp-json\/wp\/v2\/pages\/71\/revisions\/1545"}],"wp:attachment":[{"href":"https:\/\/www.web-korki.pl\/index.php\/wp-json\/wp\/v2\/media?parent=71"}],"curies":[{"name":"wp","href":"https:\/\/api.w.org\/{rel}","templated":true}]}}