{"id":75,"date":"2022-01-16T15:25:01","date_gmt":"2022-01-16T15:25:01","guid":{"rendered":"http:\/\/www.web-korki.pl\/?page_id=75"},"modified":"2025-04-20T21:14:02","modified_gmt":"2025-04-20T21:14:02","slug":"web-korki","status":"publish","type":"page","link":"https:\/\/www.web-korki.pl\/index.php\/web-korki\/","title":{"rendered":"WEB-KORKI (KOREPETYCJE ONLINE)"},"content":{"rendered":"<p>\u00a0<\/p>\n<p><img loading=\"lazy\" decoding=\"async\" class=\"aligncenter wp-image-331 size-full\" src=\"http:\/\/www.web-korki.pl\/wp-content\/uploads\/2022\/01\/udy-2-e1642635803141.png\" alt=\"\" width=\"800\" height=\"322\" srcset=\"https:\/\/www.web-korki.pl\/wp-content\/uploads\/2022\/01\/udy-2-e1642635803141.png 800w, https:\/\/www.web-korki.pl\/wp-content\/uploads\/2022\/01\/udy-2-e1642635803141-300x121.png 300w, https:\/\/www.web-korki.pl\/wp-content\/uploads\/2022\/01\/udy-2-e1642635803141-768x309.png 768w\" sizes=\"auto, (max-width: 800px) 100vw, 800px\" \/><\/p>\n<p style=\"text-align: justify;\">Projekt spo\u0142eczny &#8222;Web-Korki&#8221; &#8211; to w\u0142a\u015bnie od niego wszystko si\u0119 zacz\u0119\u0142o i nawet sama nazwa fundacji zosta\u0142a stworzona na cze\u015b\u0107 tej inicjatywy, kt\u00f3ra powsta\u0142a w sierpniu 2020r.<\/p>\n<h3 style=\"text-align: center;\">Jak to wygl\u0105da?<\/h3>\n<p style=\"text-align: justify;\">Raz w tygodniu o sta\u0142ej porze wolontariusz przeprowadza lekcje zdaln\u0105 w formie online ze swoim podopiecznym. Istnieje oczywi\u015bcie mo\u017cliwo\u015b\u0107 przej\u0119cia wi\u0119kszej ilo\u015bci godzin.<\/p>\n<h3 style=\"text-align: center;\"><b>Na jakiej podstawie wolontariusz przydzielany jest do ucznia?<\/b><\/h3>\n<p style=\"text-align: justify;\">Bardzo wa\u017cne jest, aby zar\u00f3wno ucze\u0144 jak i wolontariusz czuli si\u0119 dobrze w trakcie zaj\u0119\u0107 i aby korepetycje by\u0142y przyjemno\u015bci\u0105 dla obydwu stron, dlatego ka\u017cdy wolontariusz dobierany jest do swojego podopiecznego na podstawie poni\u017cszych czynnik\u00f3w:<\/p>\n<ul style=\"font-weight: 900; list-style-type: none;\">\n<li style=\"text-align: center;\"><span style=\"color: #000000;\">DYSPOZYCYJNO\u015a\u0106<\/span><\/li>\n<li style=\"text-align: center;\"><span style=\"color: #000000;\">PRZEDMIOT<\/span><\/li>\n<li style=\"text-align: center;\"><span style=\"color: #000000;\">PREDYSPOZYCJE<\/span><\/li>\n<li style=\"text-align: center;\"><span style=\"color: #000000;\">DO\u015aWIADCZENIE<\/span><\/li>\n<li style=\"text-align: center;\"><span style=\"color: #000000;\">CHARAKTER<\/span><\/li>\n<\/ul>\n<h3 style=\"text-align: center;\">Kto mo\u017ce zosta\u0107 korepetytorem?\u00a0<\/h3>\n<p style=\"text-align: justify;\">Nasi korepetytorzy to przedstawiciele r\u00f3\u017cnych \u015brodowisk zawodowych, spo\u0142ecznych czy akademickich, to osoby kt\u00f3re mieszkaj\u0105 w r\u00f3\u017cnych zak\u0105tkach \u015awiata. Nie trzeba mie\u0107 du\u017cego do\u015bwiadczenia w udzielaniu korepetycji, aby odnale\u017a\u0107 si\u0119 w roli wolontariusza projektu &#8222;Web-Korki&#8221;. Wystarczy \u017ce b\u0119dziesz spe\u0142nia\u0142\/a poni\u017csze wymagania:<\/p>\n<ul>\n<li style=\"text-align: left;\"><em>dyspozycyjno\u015b\u0107 1h w tygodniu o sta\u0142ej porze<\/em><br \/><em>(oczywi\u015bcie, gdy grafik w pracy si\u0119 zmieni lub plan na studiach, ustalimy now\u0105 por\u0119 zaj\u0119\u0107),<\/em><\/li>\n<li style=\"text-align: left;\"><em>wyrozumia\u0142o\u015b\u0107 i cierpliwo\u015b\u0107,<\/em><\/li>\n<li style=\"text-align: left;\"><em>motywacja do znajdywania r\u00f3\u017cnych metod nauczania (np. poprzez zabaw\u0119, quizy itd.),<\/em><\/li>\n<li style=\"text-align: left;\"><em>u\u015bmiech i pasja do nauczania danego przedmiotu,<\/em><\/li>\n<li style=\"text-align: left;\"><em>poczucie odpowiedzialno\u015bci (to znaczy, \u017ce nie zrezygnujesz z swojego podopiecznego po kilku spotkaniach, a b\u0119dziesz stara\u0142 si\u0119 z ogromn\u0105 pomoc\u0105 przedstawicieli fundacji znale\u017a\u0107 wsp\u00f3lny j\u0119zyk z dzieckiem),<\/em><\/li>\n<li style=\"text-align: left;\"><em>umiej\u0119tno\u015b\u0107 prowadzenia zaj\u0119\u0107 online.<\/em><\/li>\n<\/ul>\n<h3 style=\"text-align: center;\">Jak zosta\u0107 naszym korepetytorem?<\/h3>\n<ol>\n<li style=\"text-align: left;\">Wy\u015blij nam wiadomo\u015b\u0107 na Facebooku z informacj\u0105, \u017ce jeste\u015b zainteresowany (-a) do\u0142\u0105czeniem do nas podaj\u0105c od razu sw\u00f3j adres email.<\/li>\n<li style=\"text-align: left;\">W ci\u0105gu<strong> 48h<\/strong> ode\u015blemy Tobie formularz zg\u0142oszeniowy na maila.<\/li>\n<li style=\"text-align: left;\">Po otrzymaniu Twojego formularza zaprosimy Ci\u0119 na rozmow\u0119 rekrutacyjn\u0105.<\/li>\n<li style=\"text-align: left;\">Je\u015bli rozmowa przebiegnie pomy\u015blnie zostaniesz przydzielony do sta\u0142ego ucznia lub b\u0119dziesz w zespole korepetytor\u00f3w na zast\u0119pstwa (decyzja zale\u017cy od Ciebie lub od aktualnego zapotrzebowania na przedmiot, z kt\u00f3rego chcia\u0142by\u015b\/chcia\u0142aby\u015b udziela\u0107 korepetycji).<\/li>\n<\/ol>\n<p style=\"text-align: center;\"><b>Chcia\u0142by\u015b\/chcia\u0142aby\u015b zosta\u0107 naszym korepetytorem?<\/b><br \/>Napisz do nas na <strong><span style=\"color: #000080;\"><a style=\"color: #000080;\" href=\"https:\/\/www.facebook.com\/webkorki\">Facebooku<\/a><\/span><\/strong><\/p>\n\n\n<div class=\"wp-block-image\"><figure class=\"aligncenter size-large is-resized\"><img loading=\"lazy\" decoding=\"async\" src=\"http:\/\/www.web-korki.pl\/wp-content\/uploads\/2022\/01\/Mukti-Narrow-2-1024x1024.png\" alt=\"\" class=\"wp-image-244\" width=\"411\" height=\"411\" srcset=\"https:\/\/www.web-korki.pl\/wp-content\/uploads\/2022\/01\/Mukti-Narrow-2-1024x1024.png 1024w, https:\/\/www.web-korki.pl\/wp-content\/uploads\/2022\/01\/Mukti-Narrow-2-300x300.png 300w, https:\/\/www.web-korki.pl\/wp-content\/uploads\/2022\/01\/Mukti-Narrow-2-150x150.png 150w, https:\/\/www.web-korki.pl\/wp-content\/uploads\/2022\/01\/Mukti-Narrow-2-768x768.png 768w, https:\/\/www.web-korki.pl\/wp-content\/uploads\/2022\/01\/Mukti-Narrow-2-666x666.png 666w, https:\/\/www.web-korki.pl\/wp-content\/uploads\/2022\/01\/Mukti-Narrow-2.png 1080w\" sizes=\"auto, (max-width: 411px) 100vw, 411px\" \/><\/figure><\/div>\n\n\n\n<div class=\"wp-block-image\"><figure class=\"aligncenter size-large is-resized\"><img loading=\"lazy\" decoding=\"async\" src=\"https:\/\/www.web-korki.pl\/wp-content\/uploads\/2022\/01\/267179784_628523541694934_2387151363971718480_n-1024x1024.png\" alt=\"\" class=\"wp-image-598\" width=\"471\" height=\"471\" srcset=\"https:\/\/www.web-korki.pl\/wp-content\/uploads\/2022\/01\/267179784_628523541694934_2387151363971718480_n-1024x1024.png 1024w, https:\/\/www.web-korki.pl\/wp-content\/uploads\/2022\/01\/267179784_628523541694934_2387151363971718480_n-300x300.png 300w, https:\/\/www.web-korki.pl\/wp-content\/uploads\/2022\/01\/267179784_628523541694934_2387151363971718480_n-150x150.png 150w, https:\/\/www.web-korki.pl\/wp-content\/uploads\/2022\/01\/267179784_628523541694934_2387151363971718480_n-768x768.png 768w, https:\/\/www.web-korki.pl\/wp-content\/uploads\/2022\/01\/267179784_628523541694934_2387151363971718480_n-666x666.png 666w, https:\/\/www.web-korki.pl\/wp-content\/uploads\/2022\/01\/267179784_628523541694934_2387151363971718480_n.png 1080w\" sizes=\"auto, (max-width: 471px) 100vw, 471px\" \/><\/figure><\/div>\n\n\n\n<div class=\"wp-block-image\"><figure class=\"aligncenter size-large is-resized\"><img loading=\"lazy\" decoding=\"async\" src=\"https:\/\/www.web-korki.pl\/wp-content\/uploads\/2022\/01\/249817125_335695141650702_8447538654315669957_n-1-1024x1024.png\" alt=\"\" class=\"wp-image-593\" width=\"471\" height=\"471\" srcset=\"https:\/\/www.web-korki.pl\/wp-content\/uploads\/2022\/01\/249817125_335695141650702_8447538654315669957_n-1-1024x1024.png 1024w, https:\/\/www.web-korki.pl\/wp-content\/uploads\/2022\/01\/249817125_335695141650702_8447538654315669957_n-1-300x300.png 300w, https:\/\/www.web-korki.pl\/wp-content\/uploads\/2022\/01\/249817125_335695141650702_8447538654315669957_n-1-150x150.png 150w, https:\/\/www.web-korki.pl\/wp-content\/uploads\/2022\/01\/249817125_335695141650702_8447538654315669957_n-1-768x768.png 768w, https:\/\/www.web-korki.pl\/wp-content\/uploads\/2022\/01\/249817125_335695141650702_8447538654315669957_n-1-666x666.png 666w, https:\/\/www.web-korki.pl\/wp-content\/uploads\/2022\/01\/249817125_335695141650702_8447538654315669957_n-1.png 1080w\" sizes=\"auto, (max-width: 471px) 100vw, 471px\" \/><\/figure><\/div>\n\n\n\n<div class=\"wp-block-image\"><figure class=\"aligncenter size-large is-resized\"><img loading=\"lazy\" decoding=\"async\" src=\"https:\/\/www.web-korki.pl\/wp-content\/uploads\/2022\/01\/143915093_164822608737957_2073109147507922553_n-2-1024x1024.png\" alt=\"\" class=\"wp-image-594\" width=\"472\" height=\"472\" srcset=\"https:\/\/www.web-korki.pl\/wp-content\/uploads\/2022\/01\/143915093_164822608737957_2073109147507922553_n-2-1024x1024.png 1024w, https:\/\/www.web-korki.pl\/wp-content\/uploads\/2022\/01\/143915093_164822608737957_2073109147507922553_n-2-300x300.png 300w, https:\/\/www.web-korki.pl\/wp-content\/uploads\/2022\/01\/143915093_164822608737957_2073109147507922553_n-2-150x150.png 150w, https:\/\/www.web-korki.pl\/wp-content\/uploads\/2022\/01\/143915093_164822608737957_2073109147507922553_n-2-768x768.png 768w, https:\/\/www.web-korki.pl\/wp-content\/uploads\/2022\/01\/143915093_164822608737957_2073109147507922553_n-2-666x666.png 666w, https:\/\/www.web-korki.pl\/wp-content\/uploads\/2022\/01\/143915093_164822608737957_2073109147507922553_n-2.png 1080w\" sizes=\"auto, (max-width: 472px) 100vw, 472px\" \/><\/figure><\/div>\n","protected":false},"excerpt":{"rendered":"<p>\u00a0 Projekt spo\u0142eczny &#8222;Web-Korki&#8221; &#8211; to w\u0142a\u015bnie od niego wszystko si\u0119 zacz\u0119\u0142o i nawet sama nazwa fundacji zosta\u0142a stworzona na<\/p>\n<p><a href=\"https:\/\/www.web-korki.pl\/index.php\/web-korki\/\" class=\"more-link\">Zobacz wi\u0119cej<span class=\"screen-reader-text\">WEB-KORKI (KOREPETYCJE ONLINE)<\/span><\/a><\/p>\n","protected":false},"author":1,"featured_media":0,"parent":0,"menu_order":0,"comment_status":"closed","ping_status":"closed","template":"","meta":{"footnotes":""},"class_list":["post-75","page","type-page","status-publish","hentry"],"yoast_head":"<!-- This site is optimized with the Yoast SEO plugin v17.9 - https:\/\/yoast.com\/wordpress\/plugins\/seo\/ -->\n<title>WEB-KORKI (KOREPETYCJE ONLINE) - Fundacja Web-korki<\/title>\n<meta name=\"robots\" content=\"index, follow, max-snippet:-1, max-image-preview:large, max-video-preview:-1\" \/>\n<link rel=\"canonical\" href=\"https:\/\/www.web-korki.pl\/index.php\/web-korki\/\" \/>\n<meta property=\"og:locale\" content=\"pl_PL\" \/>\n<meta property=\"og:type\" content=\"article\" \/>\n<meta property=\"og:title\" content=\"WEB-KORKI (KOREPETYCJE ONLINE) - Fundacja Web-korki\" \/>\n<meta property=\"og:description\" content=\"\u00a0 Projekt spo\u0142eczny &#8222;Web-Korki&#8221; &#8211; to w\u0142a\u015bnie od niego wszystko si\u0119 zacz\u0119\u0142o i nawet sama nazwa fundacji zosta\u0142a stworzona naZobacz wi\u0119cejWEB-KORKI (KOREPETYCJE ONLINE)\" \/>\n<meta property=\"og:url\" content=\"https:\/\/www.web-korki.pl\/index.php\/web-korki\/\" \/>\n<meta property=\"og:site_name\" content=\"Fundacja Web-korki\" \/>\n<meta property=\"article:modified_time\" content=\"2025-04-20T21:14:02+00:00\" \/>\n<meta property=\"og:image\" content=\"http:\/\/www.web-korki.pl\/wp-content\/uploads\/2022\/01\/udy-2-e1642635803141.png\" \/>\n<meta name=\"twitter:card\" content=\"summary_large_image\" \/>\n<meta name=\"twitter:label1\" content=\"Szacowany czas czytania\" \/>\n\t<meta name=\"twitter:data1\" content=\"3 minuty\" \/>\n<script type=\"application\/ld+json\" class=\"yoast-schema-graph\">{\"@context\":\"https:\/\/schema.org\",\"@graph\":[{\"@type\":\"WebSite\",\"@id\":\"https:\/\/www.web-korki.pl\/#website\",\"url\":\"https:\/\/www.web-korki.pl\/\",\"name\":\"Fundacja Web-korki\",\"description\":\"PODARUJMY DZIECIOM SW\\u00d3J CZAS\",\"potentialAction\":[{\"@type\":\"SearchAction\",\"target\":{\"@type\":\"EntryPoint\",\"urlTemplate\":\"https:\/\/www.web-korki.pl\/?s={search_term_string}\"},\"query-input\":\"required name=search_term_string\"}],\"inLanguage\":\"pl-PL\"},{\"@type\":\"ImageObject\",\"@id\":\"https:\/\/www.web-korki.pl\/index.php\/web-korki\/#primaryimage\",\"inLanguage\":\"pl-PL\",\"url\":\"http:\/\/www.web-korki.pl\/wp-content\/uploads\/2022\/01\/udy-2-e1642635803141.png\",\"contentUrl\":\"http:\/\/www.web-korki.pl\/wp-content\/uploads\/2022\/01\/udy-2-e1642635803141.png\"},{\"@type\":\"WebPage\",\"@id\":\"https:\/\/www.web-korki.pl\/index.php\/web-korki\/#webpage\",\"url\":\"https:\/\/www.web-korki.pl\/index.php\/web-korki\/\",\"name\":\"WEB-KORKI (KOREPETYCJE ONLINE) - Fundacja Web-korki\",\"isPartOf\":{\"@id\":\"https:\/\/www.web-korki.pl\/#website\"},\"primaryImageOfPage\":{\"@id\":\"https:\/\/www.web-korki.pl\/index.php\/web-korki\/#primaryimage\"},\"datePublished\":\"2022-01-16T15:25:01+00:00\",\"dateModified\":\"2025-04-20T21:14:02+00:00\",\"breadcrumb\":{\"@id\":\"https:\/\/www.web-korki.pl\/index.php\/web-korki\/#breadcrumb\"},\"inLanguage\":\"pl-PL\",\"potentialAction\":[{\"@type\":\"ReadAction\",\"target\":[\"https:\/\/www.web-korki.pl\/index.php\/web-korki\/\"]}]},{\"@type\":\"BreadcrumbList\",\"@id\":\"https:\/\/www.web-korki.pl\/index.php\/web-korki\/#breadcrumb\",\"itemListElement\":[{\"@type\":\"ListItem\",\"position\":1,\"name\":\"Strona g\\u0142\\u00f3wna\",\"item\":\"https:\/\/www.web-korki.pl\/\"},{\"@type\":\"ListItem\",\"position\":2,\"name\":\"WEB-KORKI (KOREPETYCJE ONLINE)\"}]}]}<\/script>\n<!-- \/ Yoast SEO plugin. -->","yoast_head_json":{"title":"WEB-KORKI (KOREPETYCJE ONLINE) - Fundacja Web-korki","robots":{"index":"index","follow":"follow","max-snippet":"max-snippet:-1","max-image-preview":"max-image-preview:large","max-video-preview":"max-video-preview:-1"},"canonical":"https:\/\/www.web-korki.pl\/index.php\/web-korki\/","og_locale":"pl_PL","og_type":"article","og_title":"WEB-KORKI (KOREPETYCJE ONLINE) - Fundacja Web-korki","og_description":"\u00a0 Projekt spo\u0142eczny &#8222;Web-Korki&#8221; &#8211; to w\u0142a\u015bnie od niego wszystko si\u0119 zacz\u0119\u0142o i nawet sama nazwa fundacji zosta\u0142a stworzona naZobacz wi\u0119cejWEB-KORKI (KOREPETYCJE ONLINE)","og_url":"https:\/\/www.web-korki.pl\/index.php\/web-korki\/","og_site_name":"Fundacja Web-korki","article_modified_time":"2025-04-20T21:14:02+00:00","og_image":[{"url":"http:\/\/www.web-korki.pl\/wp-content\/uploads\/2022\/01\/udy-2-e1642635803141.png"}],"twitter_card":"summary_large_image","twitter_misc":{"Szacowany czas czytania":"3 minuty"},"schema":{"@context":"https:\/\/schema.org","@graph":[{"@type":"WebSite","@id":"https:\/\/www.web-korki.pl\/#website","url":"https:\/\/www.web-korki.pl\/","name":"Fundacja Web-korki","description":"PODARUJMY DZIECIOM SW\u00d3J CZAS","potentialAction":[{"@type":"SearchAction","target":{"@type":"EntryPoint","urlTemplate":"https:\/\/www.web-korki.pl\/?s={search_term_string}"},"query-input":"required name=search_term_string"}],"inLanguage":"pl-PL"},{"@type":"ImageObject","@id":"https:\/\/www.web-korki.pl\/index.php\/web-korki\/#primaryimage","inLanguage":"pl-PL","url":"http:\/\/www.web-korki.pl\/wp-content\/uploads\/2022\/01\/udy-2-e1642635803141.png","contentUrl":"http:\/\/www.web-korki.pl\/wp-content\/uploads\/2022\/01\/udy-2-e1642635803141.png"},{"@type":"WebPage","@id":"https:\/\/www.web-korki.pl\/index.php\/web-korki\/#webpage","url":"https:\/\/www.web-korki.pl\/index.php\/web-korki\/","name":"WEB-KORKI (KOREPETYCJE ONLINE) - Fundacja Web-korki","isPartOf":{"@id":"https:\/\/www.web-korki.pl\/#website"},"primaryImageOfPage":{"@id":"https:\/\/www.web-korki.pl\/index.php\/web-korki\/#primaryimage"},"datePublished":"2022-01-16T15:25:01+00:00","dateModified":"2025-04-20T21:14:02+00:00","breadcrumb":{"@id":"https:\/\/www.web-korki.pl\/index.php\/web-korki\/#breadcrumb"},"inLanguage":"pl-PL","potentialAction":[{"@type":"ReadAction","target":["https:\/\/www.web-korki.pl\/index.php\/web-korki\/"]}]},{"@type":"BreadcrumbList","@id":"https:\/\/www.web-korki.pl\/index.php\/web-korki\/#breadcrumb","itemListElement":[{"@type":"ListItem","position":1,"name":"Strona g\u0142\u00f3wna","item":"https:\/\/www.web-korki.pl\/"},{"@type":"ListItem","position":2,"name":"WEB-KORKI (KOREPETYCJE ONLINE)"}]}]}},"_links":{"self":[{"href":"https:\/\/www.web-korki.pl\/index.php\/wp-json\/wp\/v2\/pages\/75","targetHints":{"allow":["GET"]}}],"collection":[{"href":"https:\/\/www.web-korki.pl\/index.php\/wp-json\/wp\/v2\/pages"}],"about":[{"href":"https:\/\/www.web-korki.pl\/index.php\/wp-json\/wp\/v2\/types\/page"}],"author":[{"embeddable":true,"href":"https:\/\/www.web-korki.pl\/index.php\/wp-json\/wp\/v2\/users\/1"}],"replies":[{"embeddable":true,"href":"https:\/\/www.web-korki.pl\/index.php\/wp-json\/wp\/v2\/comments?post=75"}],"version-history":[{"count":55,"href":"https:\/\/www.web-korki.pl\/index.php\/wp-json\/wp\/v2\/pages\/75\/revisions"}],"predecessor-version":[{"id":1623,"href":"https:\/\/www.web-korki.pl\/index.php\/wp-json\/wp\/v2\/pages\/75\/revisions\/1623"}],"wp:attachment":[{"href":"https:\/\/www.web-korki.pl\/index.php\/wp-json\/wp\/v2\/media?parent=75"}],"curies":[{"name":"wp","href":"https:\/\/api.w.org\/{rel}","templated":true}]}}