{"id":811,"date":"2022-04-09T18:36:45","date_gmt":"2022-04-09T18:36:45","guid":{"rendered":"https:\/\/www.web-korki.pl\/?page_id=811"},"modified":"2025-01-12T22:54:53","modified_gmt":"2025-01-12T22:54:53","slug":"wyroznienia","status":"publish","type":"page","link":"https:\/\/www.web-korki.pl\/index.php\/wyroznienia\/","title":{"rendered":"WYR\u00d3\u017bNIENIA"},"content":{"rendered":"\n<p>    <\/p>\n\n\n\n<div class=\"wp-block-image\"><figure class=\"aligncenter size-large is-resized\"><img loading=\"lazy\" decoding=\"async\" src=\"https:\/\/www.web-korki.pl\/wp-content\/uploads\/2025\/01\/1727348927288-768x1024.jpeg\" alt=\"\" class=\"wp-image-1458\" width=\"384\" height=\"512\" srcset=\"https:\/\/www.web-korki.pl\/wp-content\/uploads\/2025\/01\/1727348927288-768x1024.jpeg 768w, https:\/\/www.web-korki.pl\/wp-content\/uploads\/2025\/01\/1727348927288-225x300.jpeg 225w, https:\/\/www.web-korki.pl\/wp-content\/uploads\/2025\/01\/1727348927288.jpeg 848w\" sizes=\"auto, (max-width: 384px) 100vw, 384px\" \/><\/figure><\/div>\n\n\n\n<h3 class=\"wp-block-heading\">Forbes &#8211; 30 under 30<\/h3>\n\n\n\n<p>Forbes\u00a0ju\u017c po raz kolejny zauwa\u017cy\u0142 i doceni\u0142 nasz \u015bwietnie dzia\u0142aj\u0105cy system kt\u00f3ry stworzyli\u015bmy, oparty na relacjach, dog\u0142\u0119bnym researchu potrzeb dzieci z dom\u00f3w dziecka oraz wiedzy i zaanga\u017cowania ekspert\u00f3w z r\u00f3\u017cnych dziedzin.<\/p>\n\n\n\n<div class=\"wp-block-image\"><figure class=\"aligncenter size-full\"><img loading=\"lazy\" decoding=\"async\" width=\"500\" height=\"497\" src=\"https:\/\/www.web-korki.pl\/wp-content\/uploads\/2023\/03\/IMG_1556-1.jpeg\" alt=\"\" class=\"wp-image-1047\" srcset=\"https:\/\/www.web-korki.pl\/wp-content\/uploads\/2023\/03\/IMG_1556-1.jpeg 500w, https:\/\/www.web-korki.pl\/wp-content\/uploads\/2023\/03\/IMG_1556-1-300x298.jpeg 300w, https:\/\/www.web-korki.pl\/wp-content\/uploads\/2023\/03\/IMG_1556-1-150x150.jpeg 150w\" sizes=\"auto, (max-width: 500px) 100vw, 500px\" \/><\/figure><\/div>\n\n\n\n<h3 class=\"wp-block-heading\">Forbes Women &#8211; Lista 23 kobiet na 2023 rok<\/h3>\n\n\n\n<p>Po raz drugi zostali\u015bmy wyr\u00f3\u017cnieni przez magazyn Forbes! Tym razem Forbes Women umie\u015bci\u0142 nasz\u0105 Prezesk\u0105-Olg\u0119 Kotyk na li\u015bcie &#8222;23 kobiet na 2023r&#8221;, jest to zestawienie &#8222;23 tw\u00f3rczych, aktywnych, odwa\u017cnych i popychaj\u0105cych do przodu biznes, nauk\u0119, kultur\u0119 i \u017cycie spo\u0142eczne kobiet, kt\u00f3re warto obserwowa\u0107 w 2023r.&#8221;.<\/p>\n\n\n\n<figure class=\"wp-block-image size-large\"><img loading=\"lazy\" decoding=\"async\" width=\"1024\" height=\"683\" src=\"https:\/\/www.web-korki.pl\/wp-content\/uploads\/2022\/11\/unnamed-1024x683.jpg\" alt=\"\" class=\"wp-image-940\" srcset=\"https:\/\/www.web-korki.pl\/wp-content\/uploads\/2022\/11\/unnamed-1024x683.jpg 1024w, https:\/\/www.web-korki.pl\/wp-content\/uploads\/2022\/11\/unnamed-300x200.jpg 300w, https:\/\/www.web-korki.pl\/wp-content\/uploads\/2022\/11\/unnamed-768x512.jpg 768w, https:\/\/www.web-korki.pl\/wp-content\/uploads\/2022\/11\/unnamed-1536x1024.jpg 1536w, https:\/\/www.web-korki.pl\/wp-content\/uploads\/2022\/11\/unnamed-507x338.jpg 507w, https:\/\/www.web-korki.pl\/wp-content\/uploads\/2022\/11\/unnamed.jpg 2048w\" sizes=\"auto, (max-width: 1024px) 100vw, 1024px\" \/><\/figure>\n\n\n\n<h3 class=\"wp-block-heading\"><strong>&#8222;Lider jutra&#8221; &#8211; nagroda Fundacji im. Les\u0142awa Pagi<\/strong><\/h3>\n\n\n\n<p>\u201eNagroda, przyznawana od 2005 roku, jest wyr\u00f3\u017cnieniem honorowym, stanowi\u0105cym form\u0119 upami\u0119tnienia osoby i dzie\u0142a Patrona Les\u0142awa A. Pagi, kt\u00f3rego dorobek zawodowy i publiczny stanowi punkt odniesienia dla m\u0142odych ludzi i inspiruje ich w rozwoju kariery zawodowej. W przestrzeni publicznej rynku Fundacja poszukuje os\u00f3b, kt\u00f3re swoj\u0105 postaw\u0105, warto\u015bciami i dokonaniami mog\u0105 by\u0107 wzorem \u2013 Nagroda stanowi r\u00f3wnie\u017c uhonorowanie ich dzia\u0142a\u0144.\u201e<\/p>\n\n\n\n<figure class=\"wp-block-image size-large\"><img loading=\"lazy\" decoding=\"async\" width=\"1024\" height=\"683\" src=\"https:\/\/www.web-korki.pl\/wp-content\/uploads\/2022\/04\/20220330-214309-3-1024x683.jpg\" alt=\"\" class=\"wp-image-820\" srcset=\"https:\/\/www.web-korki.pl\/wp-content\/uploads\/2022\/04\/20220330-214309-3-1024x683.jpg 1024w, https:\/\/www.web-korki.pl\/wp-content\/uploads\/2022\/04\/20220330-214309-3-300x200.jpg 300w, https:\/\/www.web-korki.pl\/wp-content\/uploads\/2022\/04\/20220330-214309-3-768x513.jpg 768w, https:\/\/www.web-korki.pl\/wp-content\/uploads\/2022\/04\/20220330-214309-3-1536x1025.jpg 1536w, https:\/\/www.web-korki.pl\/wp-content\/uploads\/2022\/04\/20220330-214309-3-2048x1367.jpg 2048w, https:\/\/www.web-korki.pl\/wp-content\/uploads\/2022\/04\/20220330-214309-3-507x338.jpg 507w\" sizes=\"auto, (max-width: 1024px) 100vw, 1024px\" \/><\/figure>\n\n\n\n<h3 class=\"wp-block-heading\"><strong>Forbes 25 under 25<\/strong><\/h3>\n\n\n\n<p>Znale\u017ali\u015bmy si\u0119 na li\u015bcie laureat\u00f3w presti\u017cowego konkursu  \u201e25 under 25\u201d organizowanego przez magazyn Forbes oraz firm\u0119 McKinsey &amp; Company. Jego celem jest wy\u0142onienie 25 ponadprzeci\u0119tnych os\u00f3b przed 25. rokiem \u017cycia, kt\u00f3re w przysz\u0142o\u015bci maj\u0105 szans\u0119 wp\u0142yn\u0105\u0107 na rozw\u00f3j polskiej gospodarki i spo\u0142ecze\u0144stwa. W tym roku na tej li\u015bcie znalaz\u0142a si\u0119 prezeska naszej fundacji.  <\/p>\n\n\n\n<p><strong>Takie wyr\u00f3\u017cnienie to dla nas ogromy zaszczyt!<\/strong><\/p>\n\n\n\n<figure class=\"wp-block-gallery-1 is-layout-flex wp-block-gallery-is-layout-flex\" style=\"text-align: center;\"><img loading=\"lazy\" decoding=\"async\" width=\"750\" height=\"539\" src=\"https:\/\/www.web-korki.pl\/wp-content\/uploads\/2022\/04\/277425671_1379821965778592_3983327344270111118_n.jpg\" alt=\"\" data-id=\"813\" data-full-url=\"https:\/\/www.web-korki.pl\/wp-content\/uploads\/2022\/04\/277425671_1379821965778592_3983327344270111118_n.jpg\" data-link=\"https:\/\/www.web-korki.pl\/?attachment_id=813\" class=\"wp-image-813\" srcset=\"https:\/\/www.web-korki.pl\/wp-content\/uploads\/2022\/04\/277425671_1379821965778592_3983327344270111118_n.jpg 750w, https:\/\/www.web-korki.pl\/wp-content\/uploads\/2022\/04\/277425671_1379821965778592_3983327344270111118_n-300x216.jpg 300w\" sizes=\"auto, (max-width: 750px) 100vw, 750px\" \/><\/figure>\n\n\n\n<h3 class=\"wp-block-heading\"><strong>Inicjatory 2020<\/strong><\/h3>\n\n\n\n<p>Otrzymali\u015bmy wyr\u00f3\u017cnienie Prezydenta Miasta Poznania w konkursie za najlepsz\u0105 inicjatyw\u0119 pozarz\u0105dow\u0105, realizowan\u0105 przez mieszka\u0144c\u00f3w Poznania.  <br>Zostali\u015bmy docenieni w kategorii: \u201eInicjator wspieraj\u0105cy\u201d. Ta kategoria jest ukierunkowana na dzia\u0142ania organizacji, kt\u00f3re skupiaj\u0105 si\u0119 na niesieniu pomocy osobom zagro\u017conym wykluczeniem spo\u0142ecznym.<\/p>\n","protected":false},"excerpt":{"rendered":"<p>Forbes &#8211; 30 under 30 Forbes\u00a0ju\u017c po raz kolejny zauwa\u017cy\u0142 i doceni\u0142 nasz \u015bwietnie dzia\u0142aj\u0105cy system kt\u00f3ry stworzyli\u015bmy, oparty na<\/p>\n<p><a href=\"https:\/\/www.web-korki.pl\/index.php\/wyroznienia\/\" class=\"more-link\">Zobacz wi\u0119cej<span class=\"screen-reader-text\">WYR\u00d3\u017bNIENIA<\/span><\/a><\/p>\n","protected":false},"author":1,"featured_media":0,"parent":0,"menu_order":0,"comment_status":"closed","ping_status":"closed","template":"","meta":{"footnotes":""},"class_list":["post-811","page","type-page","status-publish","hentry"],"yoast_head":"<!-- This site is optimized with the Yoast SEO plugin v17.9 - https:\/\/yoast.com\/wordpress\/plugins\/seo\/ -->\n<title>WYR\u00d3\u017bNIENIA - Fundacja Web-korki<\/title>\n<meta name=\"robots\" content=\"index, follow, max-snippet:-1, max-image-preview:large, max-video-preview:-1\" \/>\n<link rel=\"canonical\" href=\"https:\/\/www.web-korki.pl\/index.php\/wyroznienia\/\" \/>\n<meta property=\"og:locale\" content=\"pl_PL\" \/>\n<meta property=\"og:type\" content=\"article\" \/>\n<meta property=\"og:title\" content=\"WYR\u00d3\u017bNIENIA - Fundacja Web-korki\" \/>\n<meta property=\"og:description\" content=\"Forbes &#8211; 30 under 30 Forbes\u00a0ju\u017c po raz kolejny zauwa\u017cy\u0142 i doceni\u0142 nasz \u015bwietnie dzia\u0142aj\u0105cy system kt\u00f3ry stworzyli\u015bmy, oparty naZobacz wi\u0119cejWYR\u00d3\u017bNIENIA\" \/>\n<meta property=\"og:url\" content=\"https:\/\/www.web-korki.pl\/index.php\/wyroznienia\/\" \/>\n<meta property=\"og:site_name\" content=\"Fundacja Web-korki\" \/>\n<meta property=\"article:modified_time\" content=\"2025-01-12T22:54:53+00:00\" \/>\n<meta property=\"og:image\" content=\"https:\/\/www.web-korki.pl\/wp-content\/uploads\/2025\/01\/1727348927288-768x1024.jpeg\" \/>\n<meta name=\"twitter:card\" content=\"summary_large_image\" \/>\n<meta name=\"twitter:label1\" content=\"Szacowany czas czytania\" \/>\n\t<meta name=\"twitter:data1\" content=\"3 minuty\" \/>\n<script type=\"application\/ld+json\" class=\"yoast-schema-graph\">{\"@context\":\"https:\/\/schema.org\",\"@graph\":[{\"@type\":\"WebSite\",\"@id\":\"https:\/\/www.web-korki.pl\/#website\",\"url\":\"https:\/\/www.web-korki.pl\/\",\"name\":\"Fundacja Web-korki\",\"description\":\"PODARUJMY DZIECIOM SW\\u00d3J CZAS\",\"potentialAction\":[{\"@type\":\"SearchAction\",\"target\":{\"@type\":\"EntryPoint\",\"urlTemplate\":\"https:\/\/www.web-korki.pl\/?s={search_term_string}\"},\"query-input\":\"required name=search_term_string\"}],\"inLanguage\":\"pl-PL\"},{\"@type\":\"ImageObject\",\"@id\":\"https:\/\/www.web-korki.pl\/index.php\/wyroznienia\/#primaryimage\",\"inLanguage\":\"pl-PL\",\"url\":\"https:\/\/www.web-korki.pl\/wp-content\/uploads\/2025\/01\/1727348927288.jpeg\",\"contentUrl\":\"https:\/\/www.web-korki.pl\/wp-content\/uploads\/2025\/01\/1727348927288.jpeg\",\"width\":848,\"height\":1131},{\"@type\":\"WebPage\",\"@id\":\"https:\/\/www.web-korki.pl\/index.php\/wyroznienia\/#webpage\",\"url\":\"https:\/\/www.web-korki.pl\/index.php\/wyroznienia\/\",\"name\":\"WYR\\u00d3\\u017bNIENIA - Fundacja Web-korki\",\"isPartOf\":{\"@id\":\"https:\/\/www.web-korki.pl\/#website\"},\"primaryImageOfPage\":{\"@id\":\"https:\/\/www.web-korki.pl\/index.php\/wyroznienia\/#primaryimage\"},\"datePublished\":\"2022-04-09T18:36:45+00:00\",\"dateModified\":\"2025-01-12T22:54:53+00:00\",\"breadcrumb\":{\"@id\":\"https:\/\/www.web-korki.pl\/index.php\/wyroznienia\/#breadcrumb\"},\"inLanguage\":\"pl-PL\",\"potentialAction\":[{\"@type\":\"ReadAction\",\"target\":[\"https:\/\/www.web-korki.pl\/index.php\/wyroznienia\/\"]}]},{\"@type\":\"BreadcrumbList\",\"@id\":\"https:\/\/www.web-korki.pl\/index.php\/wyroznienia\/#breadcrumb\",\"itemListElement\":[{\"@type\":\"ListItem\",\"position\":1,\"name\":\"Strona g\\u0142\\u00f3wna\",\"item\":\"https:\/\/www.web-korki.pl\/\"},{\"@type\":\"ListItem\",\"position\":2,\"name\":\"WYR\\u00d3\\u017bNIENIA\"}]}]}<\/script>\n<!-- \/ Yoast SEO plugin. -->","yoast_head_json":{"title":"WYR\u00d3\u017bNIENIA - Fundacja Web-korki","robots":{"index":"index","follow":"follow","max-snippet":"max-snippet:-1","max-image-preview":"max-image-preview:large","max-video-preview":"max-video-preview:-1"},"canonical":"https:\/\/www.web-korki.pl\/index.php\/wyroznienia\/","og_locale":"pl_PL","og_type":"article","og_title":"WYR\u00d3\u017bNIENIA - Fundacja Web-korki","og_description":"Forbes &#8211; 30 under 30 Forbes\u00a0ju\u017c po raz kolejny zauwa\u017cy\u0142 i doceni\u0142 nasz \u015bwietnie dzia\u0142aj\u0105cy system kt\u00f3ry stworzyli\u015bmy, oparty naZobacz wi\u0119cejWYR\u00d3\u017bNIENIA","og_url":"https:\/\/www.web-korki.pl\/index.php\/wyroznienia\/","og_site_name":"Fundacja Web-korki","article_modified_time":"2025-01-12T22:54:53+00:00","og_image":[{"url":"https:\/\/www.web-korki.pl\/wp-content\/uploads\/2025\/01\/1727348927288-768x1024.jpeg"}],"twitter_card":"summary_large_image","twitter_misc":{"Szacowany czas czytania":"3 minuty"},"schema":{"@context":"https:\/\/schema.org","@graph":[{"@type":"WebSite","@id":"https:\/\/www.web-korki.pl\/#website","url":"https:\/\/www.web-korki.pl\/","name":"Fundacja Web-korki","description":"PODARUJMY DZIECIOM SW\u00d3J CZAS","potentialAction":[{"@type":"SearchAction","target":{"@type":"EntryPoint","urlTemplate":"https:\/\/www.web-korki.pl\/?s={search_term_string}"},"query-input":"required name=search_term_string"}],"inLanguage":"pl-PL"},{"@type":"ImageObject","@id":"https:\/\/www.web-korki.pl\/index.php\/wyroznienia\/#primaryimage","inLanguage":"pl-PL","url":"https:\/\/www.web-korki.pl\/wp-content\/uploads\/2025\/01\/1727348927288.jpeg","contentUrl":"https:\/\/www.web-korki.pl\/wp-content\/uploads\/2025\/01\/1727348927288.jpeg","width":848,"height":1131},{"@type":"WebPage","@id":"https:\/\/www.web-korki.pl\/index.php\/wyroznienia\/#webpage","url":"https:\/\/www.web-korki.pl\/index.php\/wyroznienia\/","name":"WYR\u00d3\u017bNIENIA - Fundacja Web-korki","isPartOf":{"@id":"https:\/\/www.web-korki.pl\/#website"},"primaryImageOfPage":{"@id":"https:\/\/www.web-korki.pl\/index.php\/wyroznienia\/#primaryimage"},"datePublished":"2022-04-09T18:36:45+00:00","dateModified":"2025-01-12T22:54:53+00:00","breadcrumb":{"@id":"https:\/\/www.web-korki.pl\/index.php\/wyroznienia\/#breadcrumb"},"inLanguage":"pl-PL","potentialAction":[{"@type":"ReadAction","target":["https:\/\/www.web-korki.pl\/index.php\/wyroznienia\/"]}]},{"@type":"BreadcrumbList","@id":"https:\/\/www.web-korki.pl\/index.php\/wyroznienia\/#breadcrumb","itemListElement":[{"@type":"ListItem","position":1,"name":"Strona g\u0142\u00f3wna","item":"https:\/\/www.web-korki.pl\/"},{"@type":"ListItem","position":2,"name":"WYR\u00d3\u017bNIENIA"}]}]}},"_links":{"self":[{"href":"https:\/\/www.web-korki.pl\/index.php\/wp-json\/wp\/v2\/pages\/811","targetHints":{"allow":["GET"]}}],"collection":[{"href":"https:\/\/www.web-korki.pl\/index.php\/wp-json\/wp\/v2\/pages"}],"about":[{"href":"https:\/\/www.web-korki.pl\/index.php\/wp-json\/wp\/v2\/types\/page"}],"author":[{"embeddable":true,"href":"https:\/\/www.web-korki.pl\/index.php\/wp-json\/wp\/v2\/users\/1"}],"replies":[{"embeddable":true,"href":"https:\/\/www.web-korki.pl\/index.php\/wp-json\/wp\/v2\/comments?post=811"}],"version-history":[{"count":16,"href":"https:\/\/www.web-korki.pl\/index.php\/wp-json\/wp\/v2\/pages\/811\/revisions"}],"predecessor-version":[{"id":1460,"href":"https:\/\/www.web-korki.pl\/index.php\/wp-json\/wp\/v2\/pages\/811\/revisions\/1460"}],"wp:attachment":[{"href":"https:\/\/www.web-korki.pl\/index.php\/wp-json\/wp\/v2\/media?parent=811"}],"curies":[{"name":"wp","href":"https:\/\/api.w.org\/{rel}","templated":true}]}}