{"id":86,"date":"2022-01-16T15:35:28","date_gmt":"2022-01-16T15:35:28","guid":{"rendered":"http:\/\/www.web-korki.pl\/?page_id=86"},"modified":"2025-04-20T21:45:58","modified_gmt":"2025-04-20T21:45:58","slug":"program-rozwojowy-dla-wolontariuszy","status":"publish","type":"page","link":"https:\/\/www.web-korki.pl\/index.php\/program-rozwojowy-dla-wolontariuszy\/","title":{"rendered":"PROGRAM ROZWOJOWY                            DLA WOLONTARIUSZY"},"content":{"rendered":"<p>Docenienie wolontariuszy, kt\u00f3rzy regularnie po\u015bwi\u0119caj\u0105 sw\u00f3j czas jest dla nas bardzo wa\u017cne. Oczywi\u015bcie, \u017ce decyduj\u0105c si\u0119 na wolontariat z regu\u0142y nie oczekujemy niczego w zamian, mimo to za\u0142o\u017ceniem naszej fundacji jest tworzenie miejsca, w kt\u00f3rym wszyscy czuj\u0105 si\u0119 bezpiecznie i komfortowo, dlatego wspieramy naszych wolontariuszy w ich rozwoju osobistym.<\/p>\n<h3 style=\"text-align: center;\">Co oferujemy?<\/h3>\n<ul>\n<li>Regularne warsztaty rozwojowe (stacjonarnie i online)<\/li>\n<li>Regularne szkolenia z zakresu psychologii dzieci\u0119cej<\/li>\n<li>Zaj\u0119cia j\u0119zykowe (dla os\u00f3b najbardziej zaanga\u017cowanych- opiekun\u00f3w wolontariuszy)<\/li>\n<li>Indywidualne, regularne rozmowy z psychologiem dzieci\u0119cym<\/li>\n<\/ul>\n<p style=\"text-align: center;\"><span style=\"color: #000000;\"><b>ORGANIZACJE I OSOBY FIZYCZNE KT\u00d3RE WSPAR\u0141Y, B\u0104D\u0179 WSPIERAJ\u0104 PROGRAM ROZWOJOWY WOLONTARIUSZY:<\/b><\/span><\/p>\n<p><img loading=\"lazy\" decoding=\"async\" class=\"wp-image-346 alignleft\" src=\"https:\/\/www.web-korki.pl\/wp-content\/uploads\/2022\/01\/pmi_chp_logo_poland_Poznan_hrz_fc_rgb-1024x475.png\" alt=\"\" width=\"175\" height=\"81\" srcset=\"https:\/\/www.web-korki.pl\/wp-content\/uploads\/2022\/01\/pmi_chp_logo_poland_Poznan_hrz_fc_rgb-1024x475.png 1024w, https:\/\/www.web-korki.pl\/wp-content\/uploads\/2022\/01\/pmi_chp_logo_poland_Poznan_hrz_fc_rgb-300x139.png 300w, https:\/\/www.web-korki.pl\/wp-content\/uploads\/2022\/01\/pmi_chp_logo_poland_Poznan_hrz_fc_rgb-768x357.png 768w, https:\/\/www.web-korki.pl\/wp-content\/uploads\/2022\/01\/pmi_chp_logo_poland_Poznan_hrz_fc_rgb-1536x713.png 1536w, https:\/\/www.web-korki.pl\/wp-content\/uploads\/2022\/01\/pmi_chp_logo_poland_Poznan_hrz_fc_rgb-2048x951.png 2048w\" sizes=\"auto, (max-width: 175px) 100vw, 175px\" \/><img loading=\"lazy\" decoding=\"async\" class=\"alignnone  wp-image-348\" src=\"https:\/\/www.web-korki.pl\/wp-content\/uploads\/2022\/01\/KED-Vert.png\" alt=\"\" width=\"86\" height=\"66\" srcset=\"https:\/\/www.web-korki.pl\/wp-content\/uploads\/2022\/01\/KED-Vert.png 756w, https:\/\/www.web-korki.pl\/wp-content\/uploads\/2022\/01\/KED-Vert-300x232.png 300w, https:\/\/www.web-korki.pl\/wp-content\/uploads\/2022\/01\/KED-Vert-440x330.png 440w\" sizes=\"auto, (max-width: 86px) 100vw, 86px\" \/><img loading=\"lazy\" decoding=\"async\" class=\"wp-image-350 alignnone\" src=\"https:\/\/www.web-korki.pl\/wp-content\/uploads\/2022\/01\/Stacja-Praca-logo-white.png\" alt=\"\" width=\"140\" height=\"31\" srcset=\"https:\/\/www.web-korki.pl\/wp-content\/uploads\/2022\/01\/Stacja-Praca-logo-white.png 593w, https:\/\/www.web-korki.pl\/wp-content\/uploads\/2022\/01\/Stacja-Praca-logo-white-300x66.png 300w\" sizes=\"auto, (max-width: 140px) 100vw, 140px\" \/><img loading=\"lazy\" decoding=\"async\" class=\"alignnone  wp-image-354\" src=\"https:\/\/www.web-korki.pl\/wp-content\/uploads\/2022\/01\/Logo_4-2.png\" alt=\"\" width=\"91\" height=\"68\" srcset=\"https:\/\/www.web-korki.pl\/wp-content\/uploads\/2022\/01\/Logo_4-2.png 800w, https:\/\/www.web-korki.pl\/wp-content\/uploads\/2022\/01\/Logo_4-2-300x226.png 300w, https:\/\/www.web-korki.pl\/wp-content\/uploads\/2022\/01\/Logo_4-2-768x579.png 768w, https:\/\/www.web-korki.pl\/wp-content\/uploads\/2022\/01\/Logo_4-2-440x330.png 440w\" sizes=\"auto, (max-width: 91px) 100vw, 91px\" \/><img loading=\"lazy\" decoding=\"async\" class=\"alignnone  wp-image-357\" src=\"https:\/\/www.web-korki.pl\/wp-content\/uploads\/2022\/01\/Kwardat-logo-1024x880.png\" alt=\"\" width=\"77\" height=\"66\" srcset=\"https:\/\/www.web-korki.pl\/wp-content\/uploads\/2022\/01\/Kwardat-logo-1024x880.png 1024w, https:\/\/www.web-korki.pl\/wp-content\/uploads\/2022\/01\/Kwardat-logo-300x258.png 300w, https:\/\/www.web-korki.pl\/wp-content\/uploads\/2022\/01\/Kwardat-logo-768x660.png 768w, https:\/\/www.web-korki.pl\/wp-content\/uploads\/2022\/01\/Kwardat-logo.png 1113w\" sizes=\"auto, (max-width: 77px) 100vw, 77px\" \/><img loading=\"lazy\" decoding=\"async\" class=\"alignnone  wp-image-640\" src=\"https:\/\/www.web-korki.pl\/wp-content\/uploads\/2022\/01\/Zrzut-ekranu-2022-01-25-o-17.27.08-300x242.png\" alt=\"\" width=\"104\" height=\"84\" srcset=\"https:\/\/www.web-korki.pl\/wp-content\/uploads\/2022\/01\/Zrzut-ekranu-2022-01-25-o-17.27.08-300x242.png 300w, https:\/\/www.web-korki.pl\/wp-content\/uploads\/2022\/01\/Zrzut-ekranu-2022-01-25-o-17.27.08-1024x826.png 1024w, https:\/\/www.web-korki.pl\/wp-content\/uploads\/2022\/01\/Zrzut-ekranu-2022-01-25-o-17.27.08-768x620.png 768w, https:\/\/www.web-korki.pl\/wp-content\/uploads\/2022\/01\/Zrzut-ekranu-2022-01-25-o-17.27.08.png 1361w\" sizes=\"auto, (max-width: 104px) 100vw, 104px\" \/><img loading=\"lazy\" decoding=\"async\" class=\"alignnone  wp-image-653\" src=\"https:\/\/www.web-korki.pl\/wp-content\/uploads\/2022\/01\/logo_zhp_zielone.png\" alt=\"\" width=\"81\" height=\"95\" srcset=\"https:\/\/www.web-korki.pl\/wp-content\/uploads\/2022\/01\/logo_zhp_zielone.png 1004w, https:\/\/www.web-korki.pl\/wp-content\/uploads\/2022\/01\/logo_zhp_zielone-255x300.png 255w, https:\/\/www.web-korki.pl\/wp-content\/uploads\/2022\/01\/logo_zhp_zielone-871x1024.png 871w, https:\/\/www.web-korki.pl\/wp-content\/uploads\/2022\/01\/logo_zhp_zielone-768x903.png 768w\" sizes=\"auto, (max-width: 81px) 100vw, 81px\" \/><\/p>\n<p style=\"text-align: center;\">Chcia\u0142by\u015b wesprze\u0107 program rozwojowy wolontariuszy? Wy\u015blij nam maila na adres:\u00a0<a href=\"mailto:olga.kotyk@webkorki.pl\"><b>olga.kotyk@webkorki.pl<\/b><\/a><\/p>\n<p>\u00a0<\/p>\n\n\n<div class=\"wp-block-columns is-layout-flex wp-container-core-columns-is-layout-9d6595d7 wp-block-columns-is-layout-flex\">\n<div class=\"wp-block-column is-layout-flow wp-block-column-is-layout-flow\">\n<figure class=\"wp-block-image size-large\"><img loading=\"lazy\" decoding=\"async\" width=\"1024\" height=\"683\" src=\"https:\/\/www.web-korki.pl\/wp-content\/uploads\/2025\/04\/1693168481127-1-1024x683.jpg\" alt=\"\" class=\"wp-image-1646\" srcset=\"https:\/\/www.web-korki.pl\/wp-content\/uploads\/2025\/04\/1693168481127-1-1024x683.jpg 1024w, https:\/\/www.web-korki.pl\/wp-content\/uploads\/2025\/04\/1693168481127-1-300x200.jpg 300w, https:\/\/www.web-korki.pl\/wp-content\/uploads\/2025\/04\/1693168481127-1-768x512.jpg 768w, https:\/\/www.web-korki.pl\/wp-content\/uploads\/2025\/04\/1693168481127-1-1536x1024.jpg 1536w, https:\/\/www.web-korki.pl\/wp-content\/uploads\/2025\/04\/1693168481127-1-507x338.jpg 507w, https:\/\/www.web-korki.pl\/wp-content\/uploads\/2025\/04\/1693168481127-1.jpg 2048w\" sizes=\"auto, (max-width: 1024px) 100vw, 1024px\" \/><\/figure>\n<\/div>\n\n\n\n<div class=\"wp-block-column is-layout-flow wp-block-column-is-layout-flow\">\n<figure class=\"wp-block-image size-large\"><img loading=\"lazy\" decoding=\"async\" width=\"1024\" height=\"683\" src=\"https:\/\/www.web-korki.pl\/wp-content\/uploads\/2025\/04\/WebKorki1_2-1-1024x683.jpg\" alt=\"\" class=\"wp-image-1647\" srcset=\"https:\/\/www.web-korki.pl\/wp-content\/uploads\/2025\/04\/WebKorki1_2-1-1024x683.jpg 1024w, https:\/\/www.web-korki.pl\/wp-content\/uploads\/2025\/04\/WebKorki1_2-1-300x200.jpg 300w, https:\/\/www.web-korki.pl\/wp-content\/uploads\/2025\/04\/WebKorki1_2-1-768x512.jpg 768w, https:\/\/www.web-korki.pl\/wp-content\/uploads\/2025\/04\/WebKorki1_2-1-1536x1024.jpg 1536w, https:\/\/www.web-korki.pl\/wp-content\/uploads\/2025\/04\/WebKorki1_2-1-2048x1365.jpg 2048w, https:\/\/www.web-korki.pl\/wp-content\/uploads\/2025\/04\/WebKorki1_2-1-507x338.jpg 507w\" sizes=\"auto, (max-width: 1024px) 100vw, 1024px\" \/><\/figure>\n<\/div>\n\n\n\n<div class=\"wp-block-column is-layout-flow wp-block-column-is-layout-flow\">\n<figure class=\"wp-block-image size-large\"><img loading=\"lazy\" decoding=\"async\" width=\"1024\" height=\"683\" src=\"https:\/\/www.web-korki.pl\/wp-content\/uploads\/2025\/04\/WebKorkiDay2_33-1024x683.jpg\" alt=\"\" class=\"wp-image-1652\" srcset=\"https:\/\/www.web-korki.pl\/wp-content\/uploads\/2025\/04\/WebKorkiDay2_33-1024x683.jpg 1024w, https:\/\/www.web-korki.pl\/wp-content\/uploads\/2025\/04\/WebKorkiDay2_33-300x200.jpg 300w, https:\/\/www.web-korki.pl\/wp-content\/uploads\/2025\/04\/WebKorkiDay2_33-768x512.jpg 768w, https:\/\/www.web-korki.pl\/wp-content\/uploads\/2025\/04\/WebKorkiDay2_33-1536x1024.jpg 1536w, https:\/\/www.web-korki.pl\/wp-content\/uploads\/2025\/04\/WebKorkiDay2_33-2048x1365.jpg 2048w, https:\/\/www.web-korki.pl\/wp-content\/uploads\/2025\/04\/WebKorkiDay2_33-507x338.jpg 507w\" sizes=\"auto, (max-width: 1024px) 100vw, 1024px\" \/><\/figure>\n<\/div>\n<\/div>\n","protected":false},"excerpt":{"rendered":"<p>Docenienie wolontariuszy, kt\u00f3rzy regularnie po\u015bwi\u0119caj\u0105 sw\u00f3j czas jest dla nas bardzo wa\u017cne. Oczywi\u015bcie, \u017ce decyduj\u0105c si\u0119 na wolontariat z regu\u0142y<\/p>\n<p><a href=\"https:\/\/www.web-korki.pl\/index.php\/program-rozwojowy-dla-wolontariuszy\/\" class=\"more-link\">Zobacz wi\u0119cej<span class=\"screen-reader-text\">PROGRAM ROZWOJOWY                            DLA WOLONTARIUSZY<\/span><\/a><\/p>\n","protected":false},"author":1,"featured_media":0,"parent":0,"menu_order":0,"comment_status":"closed","ping_status":"closed","template":"","meta":{"footnotes":""},"class_list":["post-86","page","type-page","status-publish","hentry"],"yoast_head":"<!-- This site is optimized with the Yoast SEO plugin v17.9 - https:\/\/yoast.com\/wordpress\/plugins\/seo\/ -->\n<title>PROGRAM ROZWOJOWY              DLA WOLONTARIUSZY - Fundacja Web-korki<\/title>\n<meta name=\"robots\" content=\"index, follow, max-snippet:-1, max-image-preview:large, max-video-preview:-1\" \/>\n<link rel=\"canonical\" href=\"https:\/\/www.web-korki.pl\/index.php\/program-rozwojowy-dla-wolontariuszy\/\" \/>\n<meta property=\"og:locale\" content=\"pl_PL\" \/>\n<meta property=\"og:type\" content=\"article\" \/>\n<meta property=\"og:title\" content=\"PROGRAM ROZWOJOWY              DLA WOLONTARIUSZY - Fundacja Web-korki\" \/>\n<meta property=\"og:description\" content=\"Docenienie wolontariuszy, kt\u00f3rzy regularnie po\u015bwi\u0119caj\u0105 sw\u00f3j czas jest dla nas bardzo wa\u017cne. Oczywi\u015bcie, \u017ce decyduj\u0105c si\u0119 na wolontariat z regu\u0142yZobacz wi\u0119cejPROGRAM ROZWOJOWY              DLA WOLONTARIUSZY\" \/>\n<meta property=\"og:url\" content=\"https:\/\/www.web-korki.pl\/index.php\/program-rozwojowy-dla-wolontariuszy\/\" \/>\n<meta property=\"og:site_name\" content=\"Fundacja Web-korki\" \/>\n<meta property=\"article:modified_time\" content=\"2025-04-20T21:45:58+00:00\" \/>\n<meta property=\"og:image\" content=\"https:\/\/www.web-korki.pl\/wp-content\/uploads\/2022\/01\/pmi_chp_logo_poland_Poznan_hrz_fc_rgb-1024x475.png\" \/>\n<meta name=\"twitter:card\" content=\"summary_large_image\" \/>\n<meta name=\"twitter:label1\" content=\"Szacowany czas czytania\" \/>\n\t<meta name=\"twitter:data1\" content=\"3 minuty\" \/>\n<script type=\"application\/ld+json\" class=\"yoast-schema-graph\">{\"@context\":\"https:\/\/schema.org\",\"@graph\":[{\"@type\":\"WebSite\",\"@id\":\"https:\/\/www.web-korki.pl\/#website\",\"url\":\"https:\/\/www.web-korki.pl\/\",\"name\":\"Fundacja Web-korki\",\"description\":\"PODARUJMY DZIECIOM SW\\u00d3J CZAS\",\"potentialAction\":[{\"@type\":\"SearchAction\",\"target\":{\"@type\":\"EntryPoint\",\"urlTemplate\":\"https:\/\/www.web-korki.pl\/?s={search_term_string}\"},\"query-input\":\"required name=search_term_string\"}],\"inLanguage\":\"pl-PL\"},{\"@type\":\"ImageObject\",\"@id\":\"https:\/\/www.web-korki.pl\/index.php\/program-rozwojowy-dla-wolontariuszy\/#primaryimage\",\"inLanguage\":\"pl-PL\",\"url\":\"https:\/\/www.web-korki.pl\/wp-content\/uploads\/2022\/01\/pmi_chp_logo_poland_Poznan_hrz_fc_rgb.png\",\"contentUrl\":\"https:\/\/www.web-korki.pl\/wp-content\/uploads\/2022\/01\/pmi_chp_logo_poland_Poznan_hrz_fc_rgb.png\",\"width\":2100,\"height\":975},{\"@type\":\"WebPage\",\"@id\":\"https:\/\/www.web-korki.pl\/index.php\/program-rozwojowy-dla-wolontariuszy\/#webpage\",\"url\":\"https:\/\/www.web-korki.pl\/index.php\/program-rozwojowy-dla-wolontariuszy\/\",\"name\":\"PROGRAM ROZWOJOWY DLA WOLONTARIUSZY - Fundacja Web-korki\",\"isPartOf\":{\"@id\":\"https:\/\/www.web-korki.pl\/#website\"},\"primaryImageOfPage\":{\"@id\":\"https:\/\/www.web-korki.pl\/index.php\/program-rozwojowy-dla-wolontariuszy\/#primaryimage\"},\"datePublished\":\"2022-01-16T15:35:28+00:00\",\"dateModified\":\"2025-04-20T21:45:58+00:00\",\"breadcrumb\":{\"@id\":\"https:\/\/www.web-korki.pl\/index.php\/program-rozwojowy-dla-wolontariuszy\/#breadcrumb\"},\"inLanguage\":\"pl-PL\",\"potentialAction\":[{\"@type\":\"ReadAction\",\"target\":[\"https:\/\/www.web-korki.pl\/index.php\/program-rozwojowy-dla-wolontariuszy\/\"]}]},{\"@type\":\"BreadcrumbList\",\"@id\":\"https:\/\/www.web-korki.pl\/index.php\/program-rozwojowy-dla-wolontariuszy\/#breadcrumb\",\"itemListElement\":[{\"@type\":\"ListItem\",\"position\":1,\"name\":\"Strona g\\u0142\\u00f3wna\",\"item\":\"https:\/\/www.web-korki.pl\/\"},{\"@type\":\"ListItem\",\"position\":2,\"name\":\"PROGRAM ROZWOJOWY DLA WOLONTARIUSZY\"}]}]}<\/script>\n<!-- \/ Yoast SEO plugin. -->","yoast_head_json":{"title":"PROGRAM ROZWOJOWY              DLA WOLONTARIUSZY - Fundacja Web-korki","robots":{"index":"index","follow":"follow","max-snippet":"max-snippet:-1","max-image-preview":"max-image-preview:large","max-video-preview":"max-video-preview:-1"},"canonical":"https:\/\/www.web-korki.pl\/index.php\/program-rozwojowy-dla-wolontariuszy\/","og_locale":"pl_PL","og_type":"article","og_title":"PROGRAM ROZWOJOWY              DLA WOLONTARIUSZY - Fundacja Web-korki","og_description":"Docenienie wolontariuszy, kt\u00f3rzy regularnie po\u015bwi\u0119caj\u0105 sw\u00f3j czas jest dla nas bardzo wa\u017cne. Oczywi\u015bcie, \u017ce decyduj\u0105c si\u0119 na wolontariat z regu\u0142yZobacz wi\u0119cejPROGRAM ROZWOJOWY              DLA WOLONTARIUSZY","og_url":"https:\/\/www.web-korki.pl\/index.php\/program-rozwojowy-dla-wolontariuszy\/","og_site_name":"Fundacja Web-korki","article_modified_time":"2025-04-20T21:45:58+00:00","og_image":[{"url":"https:\/\/www.web-korki.pl\/wp-content\/uploads\/2022\/01\/pmi_chp_logo_poland_Poznan_hrz_fc_rgb-1024x475.png"}],"twitter_card":"summary_large_image","twitter_misc":{"Szacowany czas czytania":"3 minuty"},"schema":{"@context":"https:\/\/schema.org","@graph":[{"@type":"WebSite","@id":"https:\/\/www.web-korki.pl\/#website","url":"https:\/\/www.web-korki.pl\/","name":"Fundacja Web-korki","description":"PODARUJMY DZIECIOM SW\u00d3J CZAS","potentialAction":[{"@type":"SearchAction","target":{"@type":"EntryPoint","urlTemplate":"https:\/\/www.web-korki.pl\/?s={search_term_string}"},"query-input":"required name=search_term_string"}],"inLanguage":"pl-PL"},{"@type":"ImageObject","@id":"https:\/\/www.web-korki.pl\/index.php\/program-rozwojowy-dla-wolontariuszy\/#primaryimage","inLanguage":"pl-PL","url":"https:\/\/www.web-korki.pl\/wp-content\/uploads\/2022\/01\/pmi_chp_logo_poland_Poznan_hrz_fc_rgb.png","contentUrl":"https:\/\/www.web-korki.pl\/wp-content\/uploads\/2022\/01\/pmi_chp_logo_poland_Poznan_hrz_fc_rgb.png","width":2100,"height":975},{"@type":"WebPage","@id":"https:\/\/www.web-korki.pl\/index.php\/program-rozwojowy-dla-wolontariuszy\/#webpage","url":"https:\/\/www.web-korki.pl\/index.php\/program-rozwojowy-dla-wolontariuszy\/","name":"PROGRAM ROZWOJOWY DLA WOLONTARIUSZY - Fundacja Web-korki","isPartOf":{"@id":"https:\/\/www.web-korki.pl\/#website"},"primaryImageOfPage":{"@id":"https:\/\/www.web-korki.pl\/index.php\/program-rozwojowy-dla-wolontariuszy\/#primaryimage"},"datePublished":"2022-01-16T15:35:28+00:00","dateModified":"2025-04-20T21:45:58+00:00","breadcrumb":{"@id":"https:\/\/www.web-korki.pl\/index.php\/program-rozwojowy-dla-wolontariuszy\/#breadcrumb"},"inLanguage":"pl-PL","potentialAction":[{"@type":"ReadAction","target":["https:\/\/www.web-korki.pl\/index.php\/program-rozwojowy-dla-wolontariuszy\/"]}]},{"@type":"BreadcrumbList","@id":"https:\/\/www.web-korki.pl\/index.php\/program-rozwojowy-dla-wolontariuszy\/#breadcrumb","itemListElement":[{"@type":"ListItem","position":1,"name":"Strona g\u0142\u00f3wna","item":"https:\/\/www.web-korki.pl\/"},{"@type":"ListItem","position":2,"name":"PROGRAM ROZWOJOWY DLA WOLONTARIUSZY"}]}]}},"_links":{"self":[{"href":"https:\/\/www.web-korki.pl\/index.php\/wp-json\/wp\/v2\/pages\/86","targetHints":{"allow":["GET"]}}],"collection":[{"href":"https:\/\/www.web-korki.pl\/index.php\/wp-json\/wp\/v2\/pages"}],"about":[{"href":"https:\/\/www.web-korki.pl\/index.php\/wp-json\/wp\/v2\/types\/page"}],"author":[{"embeddable":true,"href":"https:\/\/www.web-korki.pl\/index.php\/wp-json\/wp\/v2\/users\/1"}],"replies":[{"embeddable":true,"href":"https:\/\/www.web-korki.pl\/index.php\/wp-json\/wp\/v2\/comments?post=86"}],"version-history":[{"count":32,"href":"https:\/\/www.web-korki.pl\/index.php\/wp-json\/wp\/v2\/pages\/86\/revisions"}],"predecessor-version":[{"id":1653,"href":"https:\/\/www.web-korki.pl\/index.php\/wp-json\/wp\/v2\/pages\/86\/revisions\/1653"}],"wp:attachment":[{"href":"https:\/\/www.web-korki.pl\/index.php\/wp-json\/wp\/v2\/media?parent=86"}],"curies":[{"name":"wp","href":"https:\/\/api.w.org\/{rel}","templated":true}]}}